{"id":3031,"date":"2021-05-11T12:05:27","date_gmt":"2021-05-11T10:05:27","guid":{"rendered":"https:\/\/kl.finomar.com.pl\/?page_id=3031"},"modified":"2021-05-13T11:27:13","modified_gmt":"2021-05-13T09:27:13","slug":"aus-eu-mitteln-mitfinanzierte-projekte","status":"publish","type":"page","link":"https:\/\/kl.finomar.com.pl\/?page_id=3031&lang=de","title":{"rendered":"Aus EU-Mitteln mitfinanzierte Projekte"},"content":{"rendered":"\t\t<div data-elementor-type=\"wp-page\" data-elementor-id=\"3031\" class=\"elementor elementor-3031\">\n\t\t\t\t\t\t<section class=\"elementor-section elementor-top-section elementor-element elementor-element-2b2383d elementor-section-boxed elementor-section-height-default elementor-section-height-default\" data-id=\"2b2383d\" data-element_type=\"section\" data-e-type=\"section\">\n\t\t\t\t\t\t<div class=\"elementor-container elementor-column-gap-default\">\n\t\t\t\t\t<div class=\"elementor-column elementor-col-50 elementor-top-column elementor-element elementor-element-112ccd7\" data-id=\"112ccd7\" data-element_type=\"column\" data-e-type=\"column\">\n\t\t\t<div class=\"elementor-widget-wrap elementor-element-populated\">\n\t\t\t\t\t\t<div class=\"elementor-element elementor-element-430e71a elementor-widget elementor-widget-image\" data-id=\"430e71a\" data-element_type=\"widget\" data-e-type=\"widget\" data-widget_type=\"image.default\">\n\t\t\t\t<div class=\"elementor-widget-container\">\n\t\t\t\t\t\t\t\t\t\t\t\t\t\t\t<img fetchpriority=\"high\" decoding=\"async\" width=\"1024\" height=\"683\" src=\"https:\/\/kl.finomar.com.pl\/wp-content\/uploads\/2021\/03\/tablica_gietarka_800x1200_2-1024x683.jpg\" class=\"attachment-large size-large wp-image-496\" alt=\"\" srcset=\"https:\/\/kl.finomar.com.pl\/wp-content\/uploads\/2021\/03\/tablica_gietarka_800x1200_2-1024x683.jpg 1024w, https:\/\/kl.finomar.com.pl\/wp-content\/uploads\/2021\/03\/tablica_gietarka_800x1200_2-300x200.jpg 300w, https:\/\/kl.finomar.com.pl\/wp-content\/uploads\/2021\/03\/tablica_gietarka_800x1200_2-768x512.jpg 768w, https:\/\/kl.finomar.com.pl\/wp-content\/uploads\/2021\/03\/tablica_gietarka_800x1200_2.jpg 1200w\" sizes=\"(max-width: 1024px) 100vw, 1024px\" \/>\t\t\t\t\t\t\t\t\t\t\t\t\t\t\t<\/div>\n\t\t\t\t<\/div>\n\t\t\t\t\t<\/div>\n\t\t<\/div>\n\t\t\t\t<div class=\"elementor-column elementor-col-50 elementor-top-column elementor-element elementor-element-13b5de9\" data-id=\"13b5de9\" data-element_type=\"column\" data-e-type=\"column\">\n\t\t\t<div class=\"elementor-widget-wrap elementor-element-populated\">\n\t\t\t\t\t\t<div class=\"elementor-element elementor-element-e2f70a1 elementor-widget elementor-widget-image\" data-id=\"e2f70a1\" data-element_type=\"widget\" data-e-type=\"widget\" data-widget_type=\"image.default\">\n\t\t\t\t<div class=\"elementor-widget-container\">\n\t\t\t\t\t\t\t\t\t\t\t\t\t\t\t<img decoding=\"async\" width=\"1024\" height=\"683\" src=\"https:\/\/kl.finomar.com.pl\/wp-content\/uploads\/2021\/03\/tablica_ponton_5_30x45_male-1024x683.jpg\" class=\"attachment-large size-large wp-image-492\" alt=\"\" srcset=\"https:\/\/kl.finomar.com.pl\/wp-content\/uploads\/2021\/03\/tablica_ponton_5_30x45_male-1024x683.jpg 1024w, https:\/\/kl.finomar.com.pl\/wp-content\/uploads\/2021\/03\/tablica_ponton_5_30x45_male-300x200.jpg 300w, https:\/\/kl.finomar.com.pl\/wp-content\/uploads\/2021\/03\/tablica_ponton_5_30x45_male-768x512.jpg 768w, https:\/\/kl.finomar.com.pl\/wp-content\/uploads\/2021\/03\/tablica_ponton_5_30x45_male.jpg 1200w\" sizes=\"(max-width: 1024px) 100vw, 1024px\" \/>\t\t\t\t\t\t\t\t\t\t\t\t\t\t\t<\/div>\n\t\t\t\t<\/div>\n\t\t\t\t\t<\/div>\n\t\t<\/div>\n\t\t\t\t\t<\/div>\n\t\t<\/section>\n\t\t\t\t<section class=\"elementor-section elementor-top-section elementor-element elementor-element-41c195f7 elementor-section-boxed elementor-section-height-default elementor-section-height-default\" data-id=\"41c195f7\" data-element_type=\"section\" data-e-type=\"section\">\n\t\t\t\t\t\t<div class=\"elementor-container elementor-column-gap-default\">\n\t\t\t\t\t<div class=\"elementor-column elementor-col-100 elementor-top-column elementor-element elementor-element-2cefe5d7\" data-id=\"2cefe5d7\" data-element_type=\"column\" data-e-type=\"column\">\n\t\t\t<div class=\"elementor-widget-wrap elementor-element-populated\">\n\t\t\t\t\t\t<div class=\"elementor-element elementor-element-c00fe45 elementor-widget-divider--view-line elementor-widget elementor-widget-divider\" data-id=\"c00fe45\" data-element_type=\"widget\" data-e-type=\"widget\" data-widget_type=\"divider.default\">\n\t\t\t\t<div class=\"elementor-widget-container\">\n\t\t\t\t\t\t\t<div class=\"elementor-divider\">\n\t\t\t<span class=\"elementor-divider-separator\">\n\t\t\t\t\t\t<\/span>\n\t\t<\/div>\n\t\t\t\t\t\t<\/div>\n\t\t\t\t<\/div>\n\t\t\t\t\t<\/div>\n\t\t<\/div>\n\t\t\t\t\t<\/div>\n\t\t<\/section>\n\t\t\t\t<section class=\"elementor-section elementor-top-section elementor-element elementor-element-b6b6bd3 elementor-section-boxed elementor-section-height-default elementor-section-height-default\" data-id=\"b6b6bd3\" data-element_type=\"section\" data-e-type=\"section\" data-settings=\"{&quot;background_background&quot;:&quot;gradient&quot;}\">\n\t\t\t\t\t\t<div class=\"elementor-container elementor-column-gap-default\">\n\t\t\t\t\t<div class=\"elementor-column elementor-col-100 elementor-top-column elementor-element elementor-element-6287e89\" data-id=\"6287e89\" data-element_type=\"column\" data-e-type=\"column\">\n\t\t\t<div class=\"elementor-widget-wrap elementor-element-populated\">\n\t\t\t\t\t\t<div class=\"elementor-element elementor-element-536d248 elementor-widget elementor-widget-text-editor\" data-id=\"536d248\" data-element_type=\"widget\" data-e-type=\"widget\" data-widget_type=\"text-editor.default\">\n\t\t\t\t<div class=\"elementor-widget-container\">\n\t\t\t\t\t\t\t\t\t<p><span style=\"color: #3366ff;\"><strong><br \/><br \/>\u00a0\u00a0\u00a0\u00a0\u00a0\u00a0\u00a0\u00a0\u00a0\u00a0\u00a0 ERWEITERUNG DES TECHNOLOGISCHEN PARKES DURCH FINOMAR Sp. z o.o.<\/strong><\/span><\/p><p>\u00a0\u00a0\u00a0\u00a0\u00a0\u00a0\u00a0\u00a0\u00a0\u00a0\u00a0\u00a0\u00a0\u00a0\u00a0\u00a0\u00a0 Die Projektdurchf\u00fchrung umfasst den Kauf einer Biegemaschine, einer CNC-Fr\u00e4smaschine f\u00fcr Schablonen sowie eines Absaugsystems f\u00fcr Staub und Sp\u00e4ne. <br \/>\u00a0\u00a0\u00a0\u00a0\u00a0\u00a0\u00a0\u00a0\u00a0\u00a0\u00a0\u00a0\u00a0\u00a0\u00a0\u00a0\u00a0 Die Implementierung neuer L\u00f6sungen wird hochqualitatives und toleranztreuees Biegen von Profilen sowie Herstellung von Schablonen in der CNC-Technologie<br \/>\u00a0\u00a0\u00a0\u00a0\u00a0\u00a0\u00a0\u00a0\u00a0\u00a0\u00a0\u00a0\u00a0\u00a0\u00a0\u00a0\u00a0 zum Biegen komplexer Profile erm\u00f6glichen. Ziel des Projekts ist die Implementierung innovativer Produktionsl\u00f6sungen im Bereich der Profilverarbeitung. <br \/>\u00a0\u00a0\u00a0\u00a0\u00a0\u00a0\u00a0\u00a0\u00a0\u00a0\u00a0\u00a0\u00a0\u00a0\u00a0\u00a0\u00a0 Dies kann wiederum ein neues Angebot an Dienstleistungen f\u00fcr den Schiffbau erm\u00f6glichen.<\/p><p>\u00a0\u00a0\u00a0\u00a0\u00a0\u00a0\u00a0\u00a0\u00a0\u00a0 <span style=\"color: #3366ff;\"><strong>Projektwert und Beitrag der Europ\u00e4ischen Fonds:<\/strong><\/span><\/p><p>\u00a0\u00a0\u00a0\u00a0\u00a0\u00a0\u00a0\u00a0\u00a0\u00a0\u00a0\u00a0\u00a0\u00a0\u00a0\u00a0 Der Gesamtwert des Projekts betr\u00e4gt 680.190 PLN einschlie\u00dflich des Wertes der Kofinanzierung aus Mitteln der Europ\u00e4ischen Union in H\u00f6he <br \/>\u00a0\u00a0\u00a0\u00a0\u00a0\u00a0\u00a0\u00a0\u00a0\u00a0\u00a0\u00a0\u00a0\u00a0\u00a0\u00a0 von der PLN 248.850. Termin f\u00fcr die Projektdurchf\u00fchrung: 31. Dezember 2021<br \/><strong> \u00a0\u00a0\u00a0\u00a0\u00a0\u00a0\u00a0\u00a0\u00a0\u00a0 <br \/><\/strong><\/p>\t\t\t\t\t\t\t\t<\/div>\n\t\t\t\t<\/div>\n\t\t\t\t<div class=\"elementor-element elementor-element-5b68687 elementor-widget elementor-widget-text-editor\" data-id=\"5b68687\" data-element_type=\"widget\" data-e-type=\"widget\" data-widget_type=\"text-editor.default\">\n\t\t\t\t<div class=\"elementor-widget-container\">\n\t\t\t\t\t\t\t\t\t<p><br \/><br \/>\u00a0 \u00a0 \u00a0 \u00a0 \u00a0 \u00a0 <span class=\"VIiyi\" lang=\"de\"><span class=\"JLqJ4b\" data-language-for-alternatives=\"de\" data-language-to-translate-into=\"pl\" data-phrase-index=\"0\"><span style=\"color: #3366ff;\"><strong>BAU EINES VERSENKBAREN MEHRZWECKPONTONS<\/strong><\/span> <br \/>\u00a0\u00a0\u00a0\u00a0\u00a0\u00a0\u00a0\u00a0\u00a0\u00a0\u00a0\u00a0\u00a0\u00a0\u00a0\u00a0 <strong>(schwimmende Ponton-Slipanlage) f\u00fcr den Bau, das Zuwasserlassen\u00a0 und den Transport von Schiffsr\u00fcmpfen und deren Komponenten und anderen<br \/>\u00a0\u00a0\u00a0\u00a0\u00a0\u00a0\u00a0\u00a0\u00a0\u00a0\u00a0\u00a0\u00a0\u00a0\u00a0\u00a0 Volumenkonstruktionen, unter Verwendung innovativer technischer L\u00f6sungen der durch Finomar Sp. z o.o. patentieren Funktionsweise.<\/strong> <\/span><\/span><\/p><p>\u00a0\u00a0\u00a0\u00a0\u00a0\u00a0\u00a0\u00a0\u00a0\u00a0<span style=\"color: #3366ff;\"><strong> Projektziele, geplante Auswirkungen:<\/strong> <\/span><\/p><p>\u00a0\u00a0\u00a0\u00a0\u00a0\u00a0\u00a0\u00a0\u00a0\u00a0\u00a0\u00a0\u00a0\u00a0\u00a0\u00a0 Das Projekt beinhaltet die Implementierung von Technologie der Produktion und Lieferung von gro\u00dfen schwimmenden Konstruktionen (Schiffsr\u00fcmpfen) <br \/>\u00a0\u00a0\u00a0\u00a0\u00a0\u00a0\u00a0\u00a0\u00a0\u00a0\u00a0\u00a0\u00a0\u00a0\u00a0\u00a0 und Einrichtungen f\u00fcr den Offshore unter Verwendung unserer eigenen Erfindung: eine Vorrichtung zum \u00c4ndern der H\u00f6henlage von Position <br \/>\u00a0\u00a0\u00a0\u00a0\u00a0\u00a0\u00a0\u00a0\u00a0\u00a0\u00a0\u00a0\u00a0\u00a0\u00a0\u00a0 von Volumenkonstruktionen, d. h. einer schwimmenden Rampe Ponton (PPP). <br \/>\u00a0\u00a0\u00a0\u00a0\u00a0\u00a0\u00a0\u00a0\u00a0\u00a0\u00a0\u00a0\u00a0\u00a0\u00a0\u00a0 Die Innovation des Projekts betrifft haupts\u00e4chlich die durch Finomar patentierte Methode, Objekte vom Kai auf die schwimmende Ponton-Slipanlage<br \/>\u00a0\u00a0\u00a0\u00a0\u00a0\u00a0\u00a0\u00a0\u00a0\u00a0\u00a0\u00a0\u00a0\u00a0\u00a0\u00a0 und umgekehrt zu bewegen, mit der M\u00f6glichkeit, das Ganze langsam zu neigen, um die Last sanft zu Wasser zu bringen &#8211; sogar bei relativ geringer Wassertiefe. <br \/>\u00a0\u00a0\u00a0\u00a0\u00a0\u00a0\u00a0\u00a0\u00a0\u00a0\u00a0\u00a0\u00a0\u00a0\u00a0\u00a0 Das Ger\u00e4t erm\u00f6glicht es, f\u00fcr den Betrieb im Wasser bestimmte Objekte vom Kai zu bewegen und auf der Wasseroberfl\u00e4che oder am Boden des Gew\u00e4ssers<br \/>\u00a0\u00a0\u00a0\u00a0\u00a0\u00a0\u00a0\u00a0\u00a0\u00a0\u00a0\u00a0\u00a0\u00a0\u00a0\u00a0 zu plazieren.<br \/>\u00a0\u00a0\u00a0\u00a0\u00a0\u00a0\u00a0\u00a0\u00a0\u00a0\u00a0\u00a0\u00a0\u00a0\u00a0\u00a0 Ziel des Projekts ist die Implementierung einer Prozessinnovation in Finomar, die die Verlagerung <br \/>\u00a0\u00a0\u00a0\u00a0\u00a0\u00a0\u00a0\u00a0\u00a0\u00a0\u00a0\u00a0\u00a0\u00a0\u00a0 (auf der Land-Wasser-Linie), das Zuwasserlassen, oder die Aufnahme gro\u00dfer Objekte mit betr\u00e4chtlichem Gewicht (bis zu 550 Tonnen)<br \/>\u00a0\u00a0\u00a0\u00a0\u00a0\u00a0\u00a0\u00a0\u00a0\u00a0\u00a0\u00a0\u00a0\u00a0\u00a0\u00a0 aus dem Wasser im Produktionsprozess sowie die Erbringung von Dienstleistungen dieser Art f\u00fcr andere Unternehmen erm\u00f6glicht. <br \/>\u00a0\u00a0\u00a0\u00a0\u00a0\u00a0\u00a0\u00a0\u00a0\u00a0\u00a0\u00a0\u00a0\u00a0\u00a0\u00a0 Damit kann das Angebot des Unternehmens auch um Produkte erweitert werden, die bisher noch\u00a0 nicht angeboten wurden (d.h. das\u00a0 Gewicht von 420 Tonnen <br \/>\u00a0\u00a0\u00a0\u00a0\u00a0\u00a0\u00a0\u00a0\u00a0\u00a0\u00a0\u00a0\u00a0\u00a0\u00a0\u00a0 und die L\u00e4nge von 30 Metern \u00fcberschreiten) un dank\u00a0 PPP k\u00fcnftig sowohl zu Wasser gelassen, als auch im Wasser an den Zielort gebracht werden k\u00f6nnen. <br \/>\u00a0\u00a0\u00a0\u00a0\u00a0\u00a0\u00a0\u00a0\u00a0\u00a0\u00a0\u00a0\u00a0\u00a0\u00a0\u00a0 <br \/>\u00a0\u00a0\u00a0\u00a0\u00a0\u00a0\u00a0\u00a0\u00a0\u00a0\u00a0 <span style=\"color: #3366ff;\"><strong>Projektwert und Beitrag der Europ\u00e4ischen Fonds:<\/strong><\/span> <br \/><br \/>\u00a0\u00a0\u00a0\u00a0\u00a0\u00a0\u00a0\u00a0\u00a0\u00a0\u00a0\u00a0\u00a0\u00a0\u00a0\u00a0 Der Gesamtwert des Projekts betr\u00e4gt 4.374.600 PLN einschlie\u00dflich des Wertes der Mitfinanzierung <br \/>\u00a0\u00a0\u00a0\u00a0\u00a0\u00a0\u00a0\u00a0\u00a0\u00a0\u00a0\u00a0\u00a0\u00a0\u00a0\u00a0 aus Mitteln der Europ\u00e4ischen Union in H\u00f6he von 1.800.000 PLN.\u00a0<br \/>\u00a0\u00a0\u00a0\u00a0\u00a0\u00a0\u00a0\u00a0\u00a0\u00a0\u00a0\u00a0\u00a0\u00a0\u00a0\u00a0 Das Projekt wurde im Jahr 2020 realisiert.<\/p><p><strong>\u00a0\u00a0\u00a0\u00a0\u00a0\u00a0\u00a0\u00a0\u00a0\u00a0\u00a0\u00a0\u00a0<\/strong><\/p>\t\t\t\t\t\t\t\t<\/div>\n\t\t\t\t<\/div>\n\t\t\t\t<div class=\"elementor-element elementor-element-87e1e29 elementor-widget elementor-widget-text-editor\" data-id=\"87e1e29\" data-element_type=\"widget\" data-e-type=\"widget\" data-widget_type=\"text-editor.default\">\n\t\t\t\t<div class=\"elementor-widget-container\">\n\t\t\t\t\t\t\t\t\t<p><br \/><br \/><br \/>\u00a0\u00a0\u00a0\u00a0\u00a0 \u00a0 \u00a0\u00a0\u00a0\u00a0 <span class=\"VIiyi\" lang=\"de\"><span class=\"JLqJ4b\" data-language-for-alternatives=\"de\" data-language-to-translate-into=\"pl\" data-phrase-index=\"0\"><span style=\"color: #3366ff;\"><strong>ENTWURF EINES ABMESSUNGSKONTROLLSYSTEMS ZUR HERSTELLUNG VON STAHLKONSTRUKTIONEN ZUM ZWECK <br \/>\u00a0\u00a0\u00a0\u00a0\u00a0\u00a0\u00a0\u00a0\u00a0\u00a0\u00a0\u00a0 DER BESCHR\u00c4NKUNG DES ARBEITSAUFWANDS VON KORREKTURARBEITEN.<\/strong><\/span><\/span><\/span><\/p><p>\u00a0\u00a0\u00a0\u00a0\u00a0\u00a0\u00a0\u00a0\u00a0\u00a0\u00a0\u00a0\u00a0 <span style=\"color: #3366ff;\"><strong>Projektziele<\/strong><\/span><br \/><br \/>\u00a0\u00a0\u00a0\u00a0\u00a0\u00a0\u00a0\u00a0\u00a0\u00a0\u00a0\u00a0\u00a0\u00a0\u00a0 Gegenstand der Studie ist der Entwurf eines Dimensionskontrollsystems. Das entwickelte System erm\u00f6glicht es, optimale Arbeitsparameter <br \/>\u00a0\u00a0\u00a0\u00a0\u00a0\u00a0\u00a0\u00a0\u00a0\u00a0\u00a0\u00a0\u00a0\u00a0\u00a0 von Kontroll- und Messarbeiten zu erhalten, um die erforderliche Ma\u00dfqualit\u00e4t von Stahlbauteilen in Finomar zu sichern. <br \/>\u00a0\u00a0\u00a0\u00a0\u00a0\u00a0\u00a0\u00a0\u00a0\u00a0\u00a0\u00a0 \u00a0\u00a0 Das System konzentriert sich auf die schnellste und genaueste Bestimmung der geometrischen Qualit\u00e4t gefertigter Konstruktionen. <br \/>\u00a0\u00a0\u00a0\u00a0\u00a0\u00a0\u00a0\u00a0\u00a0\u00a0 \u00a0 \u00a0\u00a0 Diese Informationen bilden die Grundlage daf\u00fcr, die Produktionsprozesse so auszuw\u00e4hlen und zu optimieren, um kostenintensive Verfahren <br \/>\u00a0\u00a0\u00a0\u00a0\u00a0\u00a0\u00a0\u00a0\u00a0\u00a0\u00a0\u00a0\u00a0\u00a0\u00a0 zu minimieren oder gar auszuschlie\u00dfen. <br \/>\u00a0\u00a0\u00a0\u00a0\u00a0\u00a0\u00a0\u00a0\u00a0\u00a0\u00a0\u00a0\u00a0 \u00a0 Das entwickelte Werkzeug gew\u00e4hrleistet die optimale Auswahl der Messtechniken <br \/>\u00a0\u00a0\u00a0\u00a0\u00a0\u00a0\u00a0\u00a0\u00a0\u00a0\u00a0\u00a0\u00a0\u00a0\u00a0 und -methoden abh\u00e4ngig von den Besonderheiten des bestimmten Bauprozesses. <br \/>\u00a0\u00a0\u00a0\u00a0\u00a0\u00a0\u00a0\u00a0\u00a0\u00a0\u00a0 \u00a0 \u00a0 Das System wird die aktuellen M\u00f6glichkeit von Finomar Sp. z o.o. ber\u00fccksichtigen Gleichzeitig werden die optimalen\u00a0 Entwicklungsrichrtungen <br \/>\u00a0\u00a0\u00a0\u00a0\u00a0\u00a0\u00a0\u00a0\u00a0\u00a0\u00a0\u00a0\u00a0\u00a0\u00a0 f\u00fcr Messeinrichtungen aufgezeigt.<\/p><p>\u00a0\u00a0\u00a0\u00a0\u00a0\u00a0\u00a0\u00a0\u00a0\u00a0\u00a0 <span style=\"color: #3366ff;\"><strong>Geplante Effekte<\/strong> <\/span><\/p><p>\u00a0\u00a0\u00a0\u00a0\u00a0 \u00a0 \u00a0 \u00a0 \u00a0 \u00a0 Es wird erwartet, dass das entwickelte Werkzeug f\u00fcr die Erfassung, Katalogisierung und Analyse von Geometriedaten dauerhaft verwendet wird, <br \/>\u00a0\u00a0\u00a0\u00a0\u00a0\u00a0\u00a0\u00a0\u00a0\u00a0\u00a0\u00a0\u00a0\u00a0\u00a0 um die fortlaufende Optimierung des Produktionsprozesses zur Reduzierung des Arbeitsaufwands von Korrekturarbeiten zu sichern.<\/p><p>\u00a0\u00a0\u00a0\u00a0\u00a0\u00a0\u00a0\u00a0\u00a0\u00a0 <span style=\"color: #3366ff;\"><strong>Projektwert und Beitrag der Europ\u00e4ischen Fonds:<\/strong><\/span><\/p><p>\u00a0\u00a0\u00a0\u00a0\u00a0\u00a0\u00a0\u00a0\u00a0\u00a0\u00a0\u00a0\u00a0\u00a0\u00a0 Der Gesamtwert des Projekts betr\u00e4gt 36.900,00 PLN, einschlie\u00dflich des Wertes der Kofinanzierung aus Mitteln der Europ\u00e4ischen Union <br \/>\u00a0\u00a0\u00a0\u00a0\u00a0\u00a0\u00a0\u00a0\u00a0\u00a0\u00a0\u00a0\u00a0\u00a0\u00a0 in H\u00f6he von 24.500,00 PLN<\/p><p>\u00a0\u00a0\u00a0\u00a0\u00a0\u00a0\u00a0\u00a0\u00a0\u00a0\u00a0<span style=\"color: #3366ff;\"><strong> Auftragnehmer und Termin der Fertigstellung des Projekts\u00a0<\/strong><\/span> <br \/><br \/>\u00a0\u00a0\u00a0\u00a0\u00a0\u00a0\u00a0\u00a0\u00a0\u00a0\u00a0\u00a0\u00a0\u00a0\u00a0 Hauptauftragnehmer des Projekts ist die Fakult\u00e4t f\u00fcr Meerestechnik und Verkehr der <br \/>\u00a0\u00a0\u00a0\u00a0\u00a0\u00a0\u00a0\u00a0\u00a0\u00a0\u00a0\u00a0 \u00a0\u00a0 Westpommerschen Technischen Universit\u00e4t. Das Projekt wurde 2017 realisiert.<\/p><p>\u00a0<\/p>\t\t\t\t\t\t\t\t<\/div>\n\t\t\t\t<\/div>\n\t\t\t\t<div class=\"elementor-element elementor-element-68acf28 elementor-widget-divider--view-line elementor-widget elementor-widget-divider\" data-id=\"68acf28\" data-element_type=\"widget\" data-e-type=\"widget\" data-widget_type=\"divider.default\">\n\t\t\t\t<div class=\"elementor-widget-container\">\n\t\t\t\t\t\t\t<div class=\"elementor-divider\">\n\t\t\t<span class=\"elementor-divider-separator\">\n\t\t\t\t\t\t<\/span>\n\t\t<\/div>\n\t\t\t\t\t\t<\/div>\n\t\t\t\t<\/div>\n\t\t\t\t\t<\/div>\n\t\t<\/div>\n\t\t\t\t\t<\/div>\n\t\t<\/section>\n\t\t\t\t<\/div>\n\t\t","protected":false},"excerpt":{"rendered":"<p>\u00a0\u00a0\u00a0\u00a0\u00a0\u00a0\u00a0\u00a0\u00a0\u00a0\u00a0 ERWEITERUNG DES TECHNOLOGISCHEN PARKES DURCH FINOMAR Sp. z o.o. \u00a0\u00a0\u00a0\u00a0\u00a0\u00a0\u00a0\u00a0\u00a0\u00a0\u00a0\u00a0\u00a0\u00a0\u00a0\u00a0\u00a0 Die Projektdurchf\u00fchrung umfasst den Kauf einer Biegemaschine, einer CNC-Fr\u00e4smaschine f\u00fcr Schablonen sowie eines Absaugsystems f\u00fcr Staub und Sp\u00e4ne. \u00a0\u00a0\u00a0\u00a0\u00a0\u00a0\u00a0\u00a0\u00a0\u00a0\u00a0\u00a0\u00a0\u00a0\u00a0\u00a0\u00a0 Die Implementierung neuer L\u00f6sungen wird hochqualitatives und toleranztreuees Biegen von Profilen sowie Herstellung von Schablonen in der CNC-Technologie\u00a0\u00a0\u00a0\u00a0\u00a0\u00a0\u00a0\u00a0\u00a0\u00a0\u00a0\u00a0\u00a0\u00a0\u00a0\u00a0\u00a0 zum Biegen komplexer Profile erm\u00f6glichen. Ziel desContinue reading &rarr;<\/p>\n","protected":false},"author":1,"featured_media":0,"parent":2860,"menu_order":0,"comment_status":"closed","ping_status":"closed","template":"","meta":{"footnotes":""},"class_list":["post-3031","page","type-page","status-publish","hentry","no-thumb"],"_links":{"self":[{"href":"https:\/\/kl.finomar.com.pl\/index.php?rest_route=\/wp\/v2\/pages\/3031","targetHints":{"allow":["GET"]}}],"collection":[{"href":"https:\/\/kl.finomar.com.pl\/index.php?rest_route=\/wp\/v2\/pages"}],"about":[{"href":"https:\/\/kl.finomar.com.pl\/index.php?rest_route=\/wp\/v2\/types\/page"}],"author":[{"embeddable":true,"href":"https:\/\/kl.finomar.com.pl\/index.php?rest_route=\/wp\/v2\/users\/1"}],"replies":[{"embeddable":true,"href":"https:\/\/kl.finomar.com.pl\/index.php?rest_route=%2Fwp%2Fv2%2Fcomments&post=3031"}],"version-history":[{"count":19,"href":"https:\/\/kl.finomar.com.pl\/index.php?rest_route=\/wp\/v2\/pages\/3031\/revisions"}],"predecessor-version":[{"id":3105,"href":"https:\/\/kl.finomar.com.pl\/index.php?rest_route=\/wp\/v2\/pages\/3031\/revisions\/3105"}],"up":[{"embeddable":true,"href":"https:\/\/kl.finomar.com.pl\/index.php?rest_route=\/wp\/v2\/pages\/2860"}],"wp:attachment":[{"href":"https:\/\/kl.finomar.com.pl\/index.php?rest_route=%2Fwp%2Fv2%2Fmedia&parent=3031"}],"curies":[{"name":"wp","href":"https:\/\/api.w.org\/{rel}","templated":true}]}}