{"id":3126,"date":"2021-05-13T11:56:31","date_gmt":"2021-05-13T09:56:31","guid":{"rendered":"https:\/\/kl.finomar.com.pl\/?page_id=3126"},"modified":"2021-09-03T12:19:18","modified_gmt":"2021-09-03T10:19:18","slug":"contact","status":"publish","type":"page","link":"https:\/\/kl.finomar.com.pl\/?page_id=3126&lang=en","title":{"rendered":"Contact"},"content":{"rendered":"\t\t<div data-elementor-type=\"wp-page\" data-elementor-id=\"3126\" class=\"elementor elementor-3126\">\n\t\t\t\t\t\t<section class=\"elementor-section elementor-top-section elementor-element elementor-element-d21f624 elementor-section-boxed elementor-section-height-default elementor-section-height-default\" data-id=\"d21f624\" data-element_type=\"section\" data-e-type=\"section\" data-settings=\"{&quot;background_background&quot;:&quot;classic&quot;}\">\n\t\t\t\t\t\t<div class=\"elementor-container elementor-column-gap-default\">\n\t\t\t\t\t<div class=\"elementor-column elementor-col-100 elementor-top-column elementor-element elementor-element-d5b38c4\" data-id=\"d5b38c4\" data-element_type=\"column\" data-e-type=\"column\">\n\t\t\t<div class=\"elementor-widget-wrap elementor-element-populated\">\n\t\t\t\t\t\t<div class=\"elementor-element elementor-element-e77a4aa elementor-widget elementor-widget-heading\" data-id=\"e77a4aa\" data-element_type=\"widget\" data-e-type=\"widget\" data-widget_type=\"heading.default\">\n\t\t\t\t<div class=\"elementor-widget-container\">\n\t\t\t\t\t<h1 class=\"elementor-heading-title elementor-size-xl\">Contact<\/h1>\t\t\t\t<\/div>\n\t\t\t\t<\/div>\n\t\t\t\t<div class=\"elementor-element elementor-element-d3413ea elementor-widget elementor-widget-heading\" data-id=\"d3413ea\" data-element_type=\"widget\" data-e-type=\"widget\" data-widget_type=\"heading.default\">\n\t\t\t\t<div class=\"elementor-widget-container\">\n\t\t\t\t\t<h1 class=\"elementor-heading-title elementor-size-xxl\">FINOMAR     Sp. z o.o.<\/h1>\t\t\t\t<\/div>\n\t\t\t\t<\/div>\n\t\t\t\t<div class=\"elementor-element elementor-element-ce4b321 elementor-widget elementor-widget-heading\" data-id=\"ce4b321\" data-element_type=\"widget\" data-e-type=\"widget\" data-widget_type=\"heading.default\">\n\t\t\t\t<div class=\"elementor-widget-container\">\n\t\t\t\t\t<h1 class=\"elementor-heading-title elementor-size-default\">ul. \u0141ady 2,     70-966  Szczecin,   Poland<\/h1>\t\t\t\t<\/div>\n\t\t\t\t<\/div>\n\t\t\t\t<section class=\"elementor-section elementor-inner-section elementor-element elementor-element-bd46166 elementor-section-boxed elementor-section-height-default elementor-section-height-default\" data-id=\"bd46166\" data-element_type=\"section\" data-e-type=\"section\">\n\t\t\t\t\t\t<div class=\"elementor-container elementor-column-gap-default\">\n\t\t\t\t\t<div class=\"elementor-column elementor-col-33 elementor-inner-column elementor-element elementor-element-cab6acd\" data-id=\"cab6acd\" data-element_type=\"column\" data-e-type=\"column\">\n\t\t\t<div class=\"elementor-widget-wrap elementor-element-populated\">\n\t\t\t\t\t\t<div class=\"elementor-element elementor-element-ecf8e52 elementor-widget elementor-widget-text-editor\" data-id=\"ecf8e52\" data-element_type=\"widget\" data-e-type=\"widget\" data-widget_type=\"text-editor.default\">\n\t\t\t\t<div class=\"elementor-widget-container\">\n\t\t\t\t\t\t\t\t\t<h5 style=\"text-align: left;\"><strong>\u00a0\u00a0\u00a0\u00a0 \u00a0\u00a0\u00a0 Commercial Department<br \/><\/strong><\/h5><p style=\"text-align: left;\">\u00a0\u00a0 \u00a0 \u00a0 \u00a0\u00a0<span style=\"color: #333333;\"> Manager:\u00a0 <strong>Arkadiusz \u015awiech<br \/><\/strong>\u00a0\u00a0\u00a0\u00a0\u00a0\u00a0\u00a0\u00a0\u00a0 Tel.: 91 4324 657\u00a0 \u00a0\u00a0 <\/span><br \/><span style=\"color: #333333;\">\u00a0 \u00a0 \u00a0 \u00a0 \u00a0 Mob:\u00a0 +48 602 739 376<\/span><br \/><span style=\"color: #333333;\">\u00a0\u00a0 \u00a0 \u00a0 \u00a0\u00a0 E-mail:\u00a0 <strong><a href=\"mailto:finomar@finomar.com.pl\">finomar@finomar.com.pl<\/a><\/strong><br \/><\/span><\/p>\t\t\t\t\t\t\t\t<\/div>\n\t\t\t\t<\/div>\n\t\t\t\t<div class=\"elementor-element elementor-element-0f3a02d elementor-widget elementor-widget-text-editor\" data-id=\"0f3a02d\" data-element_type=\"widget\" data-e-type=\"widget\" data-widget_type=\"text-editor.default\">\n\t\t\t\t<div class=\"elementor-widget-container\">\n\t\t\t\t\t\t\t\t\t<h5><strong>\u00a0\u00a0\u00a0\u00a0 \u00a0 \u00a0 Quality Control Department<br \/><\/strong><\/h5><p>\u00a0\u00a0 \u00a0 \u00a0 \u00a0\u00a0<span style=\"color: #333333;\"> Manager:\u00a0 <strong>Mariusz Sapi\u0144ski<\/strong><\/span><br \/><span style=\"color: #333333;\">\u00a0 \u00a0 \u00a0 \u00a0 \u00a0 Tel.: 91 4324 616\u00a0 \u00a0\u00a0 <\/span><br \/><span style=\"color: #333333;\">\u00a0 \u00a0 \u00a0 \u00a0 \u00a0 E-mail:\u00a0 <strong><a href=\"mailto:sekretariat@finomar.com.pl\">kontrola@finomar.com.pl<\/a><\/strong><br \/><\/span><\/p>\t\t\t\t\t\t\t\t<\/div>\n\t\t\t\t<\/div>\n\t\t\t\t\t<\/div>\n\t\t<\/div>\n\t\t\t\t<div class=\"elementor-column elementor-col-33 elementor-inner-column elementor-element elementor-element-ed946fe\" data-id=\"ed946fe\" data-element_type=\"column\" data-e-type=\"column\">\n\t\t\t<div class=\"elementor-widget-wrap elementor-element-populated\">\n\t\t\t\t\t\t<div class=\"elementor-element elementor-element-dcab961 elementor-widget elementor-widget-text-editor\" data-id=\"dcab961\" data-element_type=\"widget\" data-e-type=\"widget\" data-widget_type=\"text-editor.default\">\n\t\t\t\t<div class=\"elementor-widget-container\">\n\t\t\t\t\t\t\t\t\t<p style=\"text-align: center;\"><span style=\"font-size: 14pt;\"><strong><br \/><span style=\"color: #2e57d1;\">Board President<\/span><\/strong><\/span><\/p><p style=\"text-align: center;\"><strong>\u00a0\u00a0<span style=\"color: #333333;\"> Roman Lis<\/span><\/strong><span style=\"color: #333333;\"> \u00a0\u00a0\u00a0 \u00a0 \u00a0\u00a0 \u00a0 Tel.:\u00a0 +48 91 432 46 00<\/span><\/p><hr \/><p style=\"text-align: center;\"><span style=\"font-size: 14pt;\"> <strong><br \/><span style=\"color: #2e57d1;\">Deputy Board President<br \/><\/span><\/strong><\/span><\/p><p style=\"text-align: center;\"><span style=\"color: #333333;\"><strong>Beata Kordecka<\/strong> \u00a0 \u00a0 \u00a0\u00a0 Tel.:\u00a0 +48 91 432 46 00<\/span><\/p><hr \/><p style=\"text-align: center;\"><span style=\"color: #2e57d1;\"><strong><span style=\"font-size: 14pt;\">Secretariat<\/span><\/strong><\/span><\/p><p style=\"text-align: left;\"><strong>\u00a0 \u00a0 \u00a0 \u00a0 <span style=\"color: #333333;\">\u00a0\u00a0 \u00a0 \u00a0 \u00a0 \u00a0 \u00a0 \u00a0 \u00a0 \u00a0 \u00a0 <\/span><\/strong><span style=\"color: #333333;\">Tel.:\u00a0 +48 91 432 46 00<\/span><br \/><span style=\"color: #333333;\">\u00a0\u00a0 \u00a0 \u00a0 \u00a0 \u00a0 E-mail:\u00a0 <strong><a href=\"mailto:sekretariat@finomar.com.pl\">sekretariat@finomar.com.pl<\/a><\/strong><br \/><\/span><\/p>\t\t\t\t\t\t\t\t<\/div>\n\t\t\t\t<\/div>\n\t\t\t\t\t<\/div>\n\t\t<\/div>\n\t\t\t\t<div class=\"elementor-column elementor-col-33 elementor-inner-column elementor-element elementor-element-e1d8f43\" data-id=\"e1d8f43\" data-element_type=\"column\" data-e-type=\"column\">\n\t\t\t<div class=\"elementor-widget-wrap elementor-element-populated\">\n\t\t\t\t\t\t<div class=\"elementor-element elementor-element-ab1614f elementor-widget elementor-widget-text-editor\" data-id=\"ab1614f\" data-element_type=\"widget\" data-e-type=\"widget\" data-widget_type=\"text-editor.default\">\n\t\t\t\t<div class=\"elementor-widget-container\">\n\t\t\t\t\t\t\t\t\t<h5><strong>\u00a0\u00a0\u00a0\u00a0\u00a0\u00a0\u00a0\u00a0 Finance &amp; HR Department<br \/><\/strong><\/h5><p style=\"text-align: left;\"><strong>\u00a0\u00a0<span style=\"color: #333333;\"> \u00a0 \u00a0 \u00a0\u00a0 Irena Ilcewicz<\/span><\/strong><span style=\"color: #333333;\"> \u2013 Chief Accountant<\/span><br \/><span style=\"color: #333333;\">\u00a0\u00a0 \u00a0 \u00a0 \u00a0\u00a0 Tel.: 91 4324 612\u00a0 \u00a0\u00a0 <\/span><br \/><span style=\"color: #333333;\">\u00a0 \u00a0 \u00a0 \u00a0 \u00a0 E-mail: \u00a0<strong><a href=\"mailto:sekretariat@finomar.com.pl\">ekonomiczny@finomar.com.pl<\/a><\/strong><br \/><\/span><\/p>\t\t\t\t\t\t\t\t<\/div>\n\t\t\t\t<\/div>\n\t\t\t\t<div class=\"elementor-element elementor-element-57121f5 elementor-widget elementor-widget-text-editor\" data-id=\"57121f5\" data-element_type=\"widget\" data-e-type=\"widget\" data-widget_type=\"text-editor.default\">\n\t\t\t\t<div class=\"elementor-widget-container\">\n\t\t\t\t\t\t\t\t\t<h5 style=\"text-align: center;\"><strong>\u00a0Maintenance, Material procurement,<br \/>Cooperation, Investments<br \/><\/strong><\/h5><p>\u00a0 \u00a0 \u00a0 \u00a0 <span style=\"color: #333333;\">\u00a0 Manager: <strong>Maciej Ledworowski<\/strong><\/span><br \/><span style=\"color: #333333;\">\u00a0\u00a0 \u00a0 \u00a0 \u00a0\u00a0 Tel.: 91 4324 631\u00a0\u00a0 <\/span><br \/><span style=\"color: #333333;\">\u00a0 \u00a0 \u00a0 \u00a0 \u00a0 E-mail:\u00a0 <strong><a href=\"mailto:sekretariat@finomar.com.pl\">ruch@finomar.com.pl<\/a><\/strong><br \/><\/span><\/p>\t\t\t\t\t\t\t\t<\/div>\n\t\t\t\t<\/div>\n\t\t\t\t\t<\/div>\n\t\t<\/div>\n\t\t\t\t\t<\/div>\n\t\t<\/section>\n\t\t\t\t<section class=\"elementor-section elementor-inner-section elementor-element elementor-element-68c4ecd elementor-section-boxed elementor-section-height-default elementor-section-height-default\" data-id=\"68c4ecd\" data-element_type=\"section\" data-e-type=\"section\">\n\t\t\t\t\t\t<div class=\"elementor-container elementor-column-gap-default\">\n\t\t\t\t\t<div class=\"elementor-column elementor-col-33 elementor-inner-column elementor-element elementor-element-5fce667\" data-id=\"5fce667\" data-element_type=\"column\" data-e-type=\"column\">\n\t\t\t<div class=\"elementor-widget-wrap elementor-element-populated\">\n\t\t\t\t\t\t<div class=\"elementor-element elementor-element-bbce62d elementor-widget elementor-widget-text-editor\" data-id=\"bbce62d\" data-element_type=\"widget\" data-e-type=\"widget\" data-widget_type=\"text-editor.default\">\n\t\t\t\t<div class=\"elementor-widget-container\">\n\t\t\t\t\t\t\t\t\t<h5><strong>\u00a0\u00a0\u00a0 \u00a0 \u00a0 \u00a0 QMS Specialist<br \/><\/strong><\/h5><p><strong>\u00a0 \u00a0 \u00a0 \u00a0 <span style=\"color: #333333;\">\u00a0\u00a0 Leszek Jura<br \/><\/span><\/strong><span style=\"color: #333333;\">\u00a0\u00a0\u00a0\u00a0\u00a0\u00a0\u00a0\u00a0 \u00a0 Tel.:\u00a0 +48 91 432 46 23<\/span><br \/><span style=\"color: #333333;\">\u00a0 \u00a0 \u00a0 \u00a0 \u00a0\u00a0 E-mail:\u00a0 <strong><a href=\"mailto:sekretariat@finomar.com.pl\">iso@finomar.com.pl<\/a><\/strong><br \/><\/span><\/p>\t\t\t\t\t\t\t\t<\/div>\n\t\t\t\t<\/div>\n\t\t\t\t\t<\/div>\n\t\t<\/div>\n\t\t\t\t<div class=\"elementor-column elementor-col-33 elementor-inner-column elementor-element elementor-element-29be9ec\" data-id=\"29be9ec\" data-element_type=\"column\" data-e-type=\"column\">\n\t\t\t<div class=\"elementor-widget-wrap elementor-element-populated\">\n\t\t\t\t\t\t<div class=\"elementor-element elementor-element-65cfb61 elementor-widget elementor-widget-text-editor\" data-id=\"65cfb61\" data-element_type=\"widget\" data-e-type=\"widget\" data-widget_type=\"text-editor.default\">\n\t\t\t\t<div class=\"elementor-widget-container\">\n\t\t\t\t\t\t\t\t\t<h5 style=\"text-align: center;\"><strong>OHSA &amp; Fire Safety Specialist<br \/><\/strong><\/h5><p style=\"text-align: left;\">\u00a0 \u00a0 \u00a0 \u00a0 \u00a0<span style=\"color: #333333;\"> <br \/>\u00a0\u00a0\u00a0\u00a0\u00a0\u00a0\u00a0\u00a0\u00a0 Tel.: 91 4324 627\u00a0 \u00a0 \u00a0 <\/span><br \/><span style=\"color: #333333;\">\u00a0 \u00a0 \u00a0 \u00a0 \u00a0 E-mail:\u00a0 <strong><a href=\"mailto:sekretariat@finomar.com.pl\">bhp@finomar.com.pl<\/a><\/strong><br \/><\/span><\/p>\t\t\t\t\t\t\t\t<\/div>\n\t\t\t\t<\/div>\n\t\t\t\t\t<\/div>\n\t\t<\/div>\n\t\t\t\t<div class=\"elementor-column elementor-col-33 elementor-inner-column elementor-element elementor-element-4a74d84\" data-id=\"4a74d84\" data-element_type=\"column\" data-e-type=\"column\">\n\t\t\t<div class=\"elementor-widget-wrap elementor-element-populated\">\n\t\t\t\t\t\t<div class=\"elementor-element elementor-element-71a5d56 elementor-widget elementor-widget-text-editor\" data-id=\"71a5d56\" data-element_type=\"widget\" data-e-type=\"widget\" data-widget_type=\"text-editor.default\">\n\t\t\t\t<div class=\"elementor-widget-container\">\n\t\t\t\t\t\t\t\t\t<h5><strong>\u00a0\u00a0\u00a0\u00a0 \u00a0 \u00a0 Production Department<br \/><\/strong><\/h5><p><strong>\u00a0 \u00a0 \u00a0 \u00a0 <span style=\"color: #333333;\">\u00a0 Wies\u0142aw Ka\u017amierski<\/span><\/strong><span style=\"color: #333333;\"> \u2013 kier. dzia\u0142u<\/span><br \/><span style=\"color: #333333;\">\u00a0 \u00a0 \u00a0 \u00a0 \u00a0 Tel.:\u00a0 +48 91 432 46 91<\/span><br \/><span style=\"color: #333333;\">\u00a0 \u00a0 \u00a0 \u00a0 \u00a0 E-mail:\u00a0 <strong><a href=\"mailto:sekretariat@finomar.com.pl\">produkcja@finomar.com.pl<\/a><\/strong><br \/><\/span><\/p>\t\t\t\t\t\t\t\t<\/div>\n\t\t\t\t<\/div>\n\t\t\t\t\t<\/div>\n\t\t<\/div>\n\t\t\t\t\t<\/div>\n\t\t<\/section>\n\t\t\t\t<section class=\"elementor-section elementor-inner-section elementor-element elementor-element-8e5b659 elementor-section-boxed elementor-section-height-default elementor-section-height-default\" data-id=\"8e5b659\" data-element_type=\"section\" data-e-type=\"section\">\n\t\t\t\t\t\t<div class=\"elementor-container elementor-column-gap-default\">\n\t\t\t\t\t<div class=\"elementor-column elementor-col-50 elementor-inner-column elementor-element elementor-element-c9dfe8d\" data-id=\"c9dfe8d\" data-element_type=\"column\" data-e-type=\"column\">\n\t\t\t<div class=\"elementor-widget-wrap elementor-element-populated\">\n\t\t\t\t\t\t<div class=\"elementor-element elementor-element-3230135 elementor-widget elementor-widget-text-editor\" data-id=\"3230135\" data-element_type=\"widget\" data-e-type=\"widget\" data-widget_type=\"text-editor.default\">\n\t\t\t\t<div class=\"elementor-widget-container\">\n\t\t\t\t\t\t\t\t\t<h5><strong>\u00a0 \u00a0 \u00a0 \u00a0 \u00a0 Production Supervision <br \/><\/strong><\/h5><p>\u00a0 \u00a0 \u00a0 \u00a0\u00a0 \u00a0<span style=\"color: #333333;\"> Manager: <strong>Sebastian Michalak<\/strong><\/span><br \/><span style=\"color: #333333;\">\u00a0\u00a0 \u00a0 \u00a0 \u00a0\u00a0 Tel.: 91 4324 620\u00a0 \u00a0\u00a0 <br \/><\/span><\/p>\t\t\t\t\t\t\t\t<\/div>\n\t\t\t\t<\/div>\n\t\t\t\t<div class=\"elementor-element elementor-element-220b0e2 elementor-widget elementor-widget-text-editor\" data-id=\"220b0e2\" data-element_type=\"widget\" data-e-type=\"widget\" data-widget_type=\"text-editor.default\">\n\t\t\t\t<div class=\"elementor-widget-container\">\n\t\t\t\t\t\t\t\t\t<p>NIP: 851-10-02-398<br \/>Regon: 810624529<br \/>S\u0105d Rejonowy w Szczecinie XIII Wydzia\u0142 Gospodarczy Krajowego Rejestru S\u0105dowego<br \/>KRS numer: 0000119982<br \/>Kapita\u0142 zak\u0142adowy: 1.000.000 z\u0142<br \/>Zarz\u0105d: in\u017c. Roman Lis \u2013 Dyrektor<br \/>Beata Kordecka\u00a0 &#8211;\u00a0 Zast\u0119pca Dyrektora<\/p>\t\t\t\t\t\t\t\t<\/div>\n\t\t\t\t<\/div>\n\t\t\t\t\t<\/div>\n\t\t<\/div>\n\t\t\t\t<div class=\"elementor-column elementor-col-50 elementor-inner-column elementor-element elementor-element-8021932\" data-id=\"8021932\" data-element_type=\"column\" data-e-type=\"column\">\n\t\t\t<div class=\"elementor-widget-wrap elementor-element-populated\">\n\t\t\t\t\t\t<div class=\"elementor-element elementor-element-8b8d566 elementor-widget elementor-widget-google_maps\" data-id=\"8b8d566\" data-element_type=\"widget\" data-e-type=\"widget\" data-widget_type=\"google_maps.default\">\n\t\t\t\t<div class=\"elementor-widget-container\">\n\t\t\t\t\t\t\t<div class=\"elementor-custom-embed\">\n\t\t\t<iframe loading=\"lazy\"\n\t\t\t\t\tsrc=\"https:\/\/maps.google.com\/maps?q=Szczecin%20ul.%20%C5%81ady%202&#038;t=m&#038;z=12&#038;output=embed&#038;iwloc=near\"\n\t\t\t\t\ttitle=\"Szczecin ul. \u0141ady 2\"\n\t\t\t\t\taria-label=\"Szczecin ul. \u0141ady 2\"\n\t\t\t><\/iframe>\n\t\t<\/div>\n\t\t\t\t\t\t<\/div>\n\t\t\t\t<\/div>\n\t\t\t\t\t<\/div>\n\t\t<\/div>\n\t\t\t\t\t<\/div>\n\t\t<\/section>\n\t\t\t\t\t<\/div>\n\t\t<\/div>\n\t\t\t\t\t<\/div>\n\t\t<\/section>\n\t\t\t\t<\/div>\n\t\t","protected":false},"excerpt":{"rendered":"<p>Contact FINOMAR Sp. z o.o. ul. \u0141ady 2, 70-966 Szczecin, Poland \u00a0\u00a0\u00a0\u00a0 \u00a0\u00a0\u00a0 Commercial Department \u00a0\u00a0 \u00a0 \u00a0 \u00a0\u00a0 Manager:\u00a0 Arkadiusz \u015awiech\u00a0\u00a0\u00a0\u00a0\u00a0\u00a0\u00a0\u00a0\u00a0 Tel.: 91 4324 657\u00a0 \u00a0\u00a0 \u00a0 \u00a0 \u00a0 \u00a0 \u00a0 Mob:\u00a0 +48 602 739 376\u00a0\u00a0 \u00a0 \u00a0 \u00a0\u00a0 E-mail:\u00a0 finomar@finomar.com.pl \u00a0\u00a0\u00a0\u00a0 \u00a0 \u00a0 Quality Control Department \u00a0\u00a0 \u00a0 \u00a0 \u00a0\u00a0 Manager:\u00a0 Mariusz Sapi\u0144ski\u00a0Continue reading &rarr;<\/p>\n","protected":false},"author":1,"featured_media":0,"parent":0,"menu_order":0,"comment_status":"closed","ping_status":"closed","template":"","meta":{"footnotes":""},"class_list":["post-3126","page","type-page","status-publish","hentry","no-thumb"],"_links":{"self":[{"href":"https:\/\/kl.finomar.com.pl\/index.php?rest_route=\/wp\/v2\/pages\/3126","targetHints":{"allow":["GET"]}}],"collection":[{"href":"https:\/\/kl.finomar.com.pl\/index.php?rest_route=\/wp\/v2\/pages"}],"about":[{"href":"https:\/\/kl.finomar.com.pl\/index.php?rest_route=\/wp\/v2\/types\/page"}],"author":[{"embeddable":true,"href":"https:\/\/kl.finomar.com.pl\/index.php?rest_route=\/wp\/v2\/users\/1"}],"replies":[{"embeddable":true,"href":"https:\/\/kl.finomar.com.pl\/index.php?rest_route=%2Fwp%2Fv2%2Fcomments&post=3126"}],"version-history":[{"count":43,"href":"https:\/\/kl.finomar.com.pl\/index.php?rest_route=\/wp\/v2\/pages\/3126\/revisions"}],"predecessor-version":[{"id":4380,"href":"https:\/\/kl.finomar.com.pl\/index.php?rest_route=\/wp\/v2\/pages\/3126\/revisions\/4380"}],"wp:attachment":[{"href":"https:\/\/kl.finomar.com.pl\/index.php?rest_route=%2Fwp%2Fv2%2Fmedia&parent=3126"}],"curies":[{"name":"wp","href":"https:\/\/api.w.org\/{rel}","templated":true}]}}