{"id":3619,"date":"2021-05-28T12:28:43","date_gmt":"2021-05-28T10:28:43","guid":{"rendered":"https:\/\/kl.finomar.com.pl\/?page_id=3619"},"modified":"2021-07-28T10:36:12","modified_gmt":"2021-07-28T08:36:12","slug":"geschichte","status":"publish","type":"page","link":"https:\/\/kl.finomar.com.pl\/?page_id=3619&lang=de","title":{"rendered":"Geschichte"},"content":{"rendered":"\t\t<div data-elementor-type=\"wp-page\" data-elementor-id=\"3619\" class=\"elementor elementor-3619\">\n\t\t\t\t\t\t<section class=\"elementor-section elementor-top-section elementor-element elementor-element-651a193 elementor-section-boxed elementor-section-height-default elementor-section-height-default\" data-id=\"651a193\" data-element_type=\"section\" data-e-type=\"section\" data-settings=\"{&quot;background_background&quot;:&quot;classic&quot;}\">\n\t\t\t\t\t\t<div class=\"elementor-container elementor-column-gap-default\">\n\t\t\t\t\t<div class=\"elementor-column elementor-col-100 elementor-top-column elementor-element elementor-element-d2430ce\" data-id=\"d2430ce\" data-element_type=\"column\" data-e-type=\"column\">\n\t\t\t<div class=\"elementor-widget-wrap elementor-element-populated\">\n\t\t\t\t\t\t<div class=\"elementor-element elementor-element-22bd575 elementor-widget elementor-widget-timeline-widget-addon\" data-id=\"22bd575\" data-element_type=\"widget\" data-e-type=\"widget\" data-widget_type=\"timeline-widget-addon.default\">\n\t\t\t\t<div class=\"elementor-widget-container\">\n\t\t\t\t\t<!-- ========= Timeline Widget Addon For Elementor 1.6.21 ========= -->\n<div id=\"twae-wrapper-22bd575\" class=\"twae-vertical twae-wrapper  twae-both-sided\">   \n    <div class=\"twae-start\"><\/div>    \n    <div id=\"twea-timeline-22bd575\" class=\"twae-timeline\" ><!-- Start of Story Repeater Content --><div id=\"story-f5718e8\" class=\"twae-story twae-repeater-item twae-story-right twae-story-no-icon\"><!-- Story Label --><div class=\"twae-labels\"><div class=\"twae-label-big\">2020<\/div><\/div><!-- Story Icon --><div class=\"twae-icon\"><i aria-hidden=\"true\" class=\"far fa-sun\"><\/i><\/div><!-- Story Arrow --><div class=\"twae-arrow\"><\/div><!-- Start of Story Content --><div class=\"twae-content\"><!-- Story Title --><div class=\"twae-title\">Ponton FINOMAR 1<\/div><!-- Story Image --><div class=\"twae-media medium\"><img fetchpriority=\"high\" decoding=\"async\" width=\"300\" height=\"200\" src=\"https:\/\/kl.finomar.com.pl\/wp-content\/uploads\/2021\/06\/pont3_l-300x200.jpg\" class=\"attachment-medium size-medium\" alt=\"\" srcset=\"https:\/\/kl.finomar.com.pl\/wp-content\/uploads\/2021\/06\/pont3_l-300x200.jpg 300w, https:\/\/kl.finomar.com.pl\/wp-content\/uploads\/2021\/06\/pont3_l-768x512.jpg 768w, https:\/\/kl.finomar.com.pl\/wp-content\/uploads\/2021\/06\/pont3_l.jpg 800w\" sizes=\"(max-width: 300px) 100vw, 300px\" \/><\/div><!-- Story Description --><div class=\"twae-description\"><p><span style=\"color: #ffffff\"><em><span lang=\"de-DE\"><br \/>Bau des betriebseigenen versenkbaren Pontons (Schwimmende Ponton-Slipanlage) mit den Abmessungen 48,00 m x 18,00 m x 4,30 m zum Zuwasserlassen von Schiffsr\u00fcmpfen sowie zum Transport von Schiffsbl\u00f6cken und -sektionen. <\/span>Projekt wurde mitfinanziert aus EU-Fonds.<\/em><\/span><\/p><\/div><\/div><\/div><!-- Start of Story Repeater Content --><div id=\"story-aaeba1a\" class=\"twae-story twae-repeater-item twae-story-left twae-story-no-icon\"><!-- Story Label --><div class=\"twae-labels\"><div class=\"twae-label-big\">2019<\/div><\/div><!-- Story Icon --><div class=\"twae-icon\"><i aria-hidden=\"true\" class=\"far fa-sun\"><\/i><\/div><!-- Story Arrow --><div class=\"twae-arrow\"><\/div><!-- Start of Story Content --><div class=\"twae-content\"><!-- Story Title --><div class=\"twae-title\">Neue Maschinen<\/div><!-- Story Image --><div class=\"twae-media medium\"><img decoding=\"async\" width=\"300\" height=\"200\" src=\"https:\/\/kl.finomar.com.pl\/wp-content\/uploads\/2021\/06\/au_1d-300x200.jpg\" class=\"attachment-medium size-medium\" alt=\"\" srcset=\"https:\/\/kl.finomar.com.pl\/wp-content\/uploads\/2021\/06\/au_1d-300x200.jpg 300w, https:\/\/kl.finomar.com.pl\/wp-content\/uploads\/2021\/06\/au_1d-768x513.jpg 768w, https:\/\/kl.finomar.com.pl\/wp-content\/uploads\/2021\/06\/au_1d.jpg 800w\" sizes=\"(max-width: 300px) 100vw, 300px\" \/><\/div><!-- Story Description --><div class=\"twae-description\"><p><span style=\"color: #ffffff\"><em><span lang=\"de-DE\"><br \/><br \/><br \/><br \/>Kauf der Plasmaschneidanlage ECKERT ONYX zum Schneiden und Markieren und Anfasen von Stahlblechen, mit einem Drucker zum Beschriften von Bauteilen.<\/span><\/em><\/span><\/p><\/div><\/div><\/div><!-- Start of Story Repeater Content --><div id=\"story-34032cb\" class=\"twae-story twae-repeater-item twae-story-right twae-story-no-icon\"><!-- Story Label --><div class=\"twae-labels\"><div class=\"twae-label-big\">2014<\/div><\/div><!-- Story Icon --><div class=\"twae-icon\"><i aria-hidden=\"true\" class=\"far fa-sun\"><\/i><\/div><!-- Story Arrow --><div class=\"twae-arrow\"><\/div><!-- Start of Story Content --><div class=\"twae-content\"><!-- Story Title --><div class=\"twae-title\">Mega Yachten<\/div><!-- Story Image --><div class=\"twae-media medium\"><img decoding=\"async\" width=\"300\" height=\"200\" src=\"https:\/\/kl.finomar.com.pl\/wp-content\/uploads\/2021\/06\/megajachty-300x200.jpg\" class=\"attachment-medium size-medium\" alt=\"\" srcset=\"https:\/\/kl.finomar.com.pl\/wp-content\/uploads\/2021\/06\/megajachty-300x200.jpg 300w, https:\/\/kl.finomar.com.pl\/wp-content\/uploads\/2021\/06\/megajachty-768x512.jpg 768w, https:\/\/kl.finomar.com.pl\/wp-content\/uploads\/2021\/06\/megajachty.jpg 800w\" sizes=\"(max-width: 300px) 100vw, 300px\" \/><\/div><!-- Story Description --><div class=\"twae-description\"><p><em><span lang=\"de-DE\" style=\"color: #ffffff\"><br \/><br \/><br \/><br \/><br \/><br \/><br \/><br \/><br \/>Bau von Mega-Yachten in deutschen Werften.<\/span><\/em><\/p><\/div><\/div><\/div><!-- Start of Story Repeater Content --><div id=\"story-edead47\" class=\"twae-story twae-repeater-item twae-story-left twae-story-no-icon\"><!-- Story Label --><div class=\"twae-labels\"><div class=\"twae-label-big\">2013<\/div><\/div><!-- Story Icon --><div class=\"twae-icon\"><i aria-hidden=\"true\" class=\"far fa-sun\"><\/i><\/div><!-- Story Arrow --><div class=\"twae-arrow\"><\/div><!-- Start of Story Content --><div class=\"twae-content\"><!-- Story Title --><div class=\"twae-title\">Schiffsbl\u00f6cke bis  800 Tonnen<\/div><!-- Story Image --><div class=\"twae-media medium\"><img loading=\"lazy\" decoding=\"async\" width=\"300\" height=\"200\" src=\"https:\/\/kl.finomar.com.pl\/wp-content\/uploads\/2021\/06\/sekcje-1-300x200.jpg\" class=\"attachment-medium size-medium\" alt=\"\" srcset=\"https:\/\/kl.finomar.com.pl\/wp-content\/uploads\/2021\/06\/sekcje-1-300x200.jpg 300w, https:\/\/kl.finomar.com.pl\/wp-content\/uploads\/2021\/06\/sekcje-1-768x512.jpg 768w, https:\/\/kl.finomar.com.pl\/wp-content\/uploads\/2021\/06\/sekcje-1.jpg 800w\" sizes=\"(max-width: 300px) 100vw, 300px\" \/><\/div><!-- Story Description --><div class=\"twae-description\"><p><span lang=\"de-DE\"><span style=\"color: #ffffff\"><em><br \/>Haupts\u00e4chlich Abwicklung von Vertr\u00e4gen im Schiffbau mit Auftraggebern aus Skandinavien, Deutschland, Gro\u00dfbritanien und den<br \/><br \/>Niederlanden. Vor allem: Schiffsr\u00fcmpfe von Fischereischiffen, Serviceschiffen, Eisbrechern und gro\u00dfe Schifssbl\u00f6cke mit einem Gewicht bis zu 800 Tonnen<\/em><\/span>.<\/span><\/p><\/div><\/div><\/div><!-- Start of Story Repeater Content --><div id=\"story-d722972\" class=\"twae-story twae-repeater-item twae-story-right twae-story-no-icon\"><!-- Story Label --><div class=\"twae-labels\"><div class=\"twae-label-big\">2012<\/div><\/div><!-- Story Icon --><div class=\"twae-icon\"><i aria-hidden=\"true\" class=\"far fa-sun\"><\/i><\/div><!-- Story Arrow --><div class=\"twae-arrow\"><\/div><!-- Start of Story Content --><div class=\"twae-content\"><!-- Story Title --><div class=\"twae-title\">Bau von F\u00e4hren<\/div><!-- Story Image --><div class=\"twae-media medium\"><img loading=\"lazy\" decoding=\"async\" width=\"300\" height=\"200\" src=\"https:\/\/kl.finomar.com.pl\/wp-content\/uploads\/2021\/06\/sekcje_promow-1-300x200.jpg\" class=\"attachment-medium size-medium\" alt=\"\" srcset=\"https:\/\/kl.finomar.com.pl\/wp-content\/uploads\/2021\/06\/sekcje_promow-1-300x200.jpg 300w, https:\/\/kl.finomar.com.pl\/wp-content\/uploads\/2021\/06\/sekcje_promow-1-768x511.jpg 768w, https:\/\/kl.finomar.com.pl\/wp-content\/uploads\/2021\/06\/sekcje_promow-1.jpg 800w\" sizes=\"(max-width: 300px) 100vw, 300px\" \/><\/div><!-- Story Description --><div class=\"twae-description\"><p>\u00a0<\/p><p><br \/><br \/><br \/><br \/><br \/><br \/><br \/><em><span style=\"color: #ffffff\">Bau von Schiffsr\u00fcmpfen von F\u00e4hren.<\/span><\/em><\/p><\/div><\/div><\/div><!-- Start of Story Repeater Content --><div id=\"story-f6a0b7f\" class=\"twae-story twae-repeater-item twae-story-left twae-story-no-icon\"><!-- Story Label --><div class=\"twae-labels\"><div class=\"twae-label-big\">2011<\/div><\/div><!-- Story Icon --><div class=\"twae-icon\"><i aria-hidden=\"true\" class=\"far fa-sun\"><\/i><\/div><!-- Story Arrow --><div class=\"twae-arrow\"><\/div><!-- Start of Story Content --><div class=\"twae-content\"><!-- Story Title --><div class=\"twae-title\">Offshore<\/div><!-- Story Image --><div class=\"twae-media medium\"><img loading=\"lazy\" decoding=\"async\" width=\"300\" height=\"200\" src=\"https:\/\/kl.finomar.com.pl\/wp-content\/uploads\/2021\/06\/DSC1773-2-300x200.jpg\" class=\"attachment-medium size-medium\" alt=\"\" srcset=\"https:\/\/kl.finomar.com.pl\/wp-content\/uploads\/2021\/06\/DSC1773-2-300x200.jpg 300w, https:\/\/kl.finomar.com.pl\/wp-content\/uploads\/2021\/06\/DSC1773-2-1024x683.jpg 1024w, https:\/\/kl.finomar.com.pl\/wp-content\/uploads\/2021\/06\/DSC1773-2-768x512.jpg 768w, https:\/\/kl.finomar.com.pl\/wp-content\/uploads\/2021\/06\/DSC1773-2.jpg 1500w\" sizes=\"(max-width: 300px) 100vw, 300px\" \/><\/div><!-- Story Description --><div class=\"twae-description\"><p><span style=\"color: #ffffff\"><em><span lang=\"de-DE\"><br \/><br \/><br \/>Intensivierung der Produktion f\u00fcr Offshore-Windkraftanlagen, Secondary-Steel-Konstruktionen f\u00fcr f\u00fchrende europ\u00e4ische Auftraggeber. Haupts\u00e4chlich Anodenk\u00e4fige<\/span> und Au\u00dfenplattformen.<\/em><\/span><\/p><\/div><\/div><\/div><!-- Start of Story Repeater Content --><div id=\"story-60e44f8\" class=\"twae-story twae-repeater-item twae-story-right twae-story-no-icon\"><!-- Story Label --><div class=\"twae-labels\"><div class=\"twae-label-big\">2009<\/div><\/div><!-- Story Icon --><div class=\"twae-icon\"><i aria-hidden=\"true\" class=\"far fa-sun\"><\/i><\/div><!-- Story Arrow --><div class=\"twae-arrow\"><\/div><!-- Start of Story Content --><div class=\"twae-content\"><!-- Story Title --><div class=\"twae-title\">Neue Produktion<\/div><!-- Story Image --><div class=\"twae-media medium\"><img loading=\"lazy\" decoding=\"async\" width=\"300\" height=\"200\" src=\"https:\/\/kl.finomar.com.pl\/wp-content\/uploads\/2021\/06\/matthai-2-300x200.jpg\" class=\"attachment-medium size-medium\" alt=\"\" srcset=\"https:\/\/kl.finomar.com.pl\/wp-content\/uploads\/2021\/06\/matthai-2-300x200.jpg 300w, https:\/\/kl.finomar.com.pl\/wp-content\/uploads\/2021\/06\/matthai-2-1024x682.jpg 1024w, https:\/\/kl.finomar.com.pl\/wp-content\/uploads\/2021\/06\/matthai-2-768x512.jpg 768w, https:\/\/kl.finomar.com.pl\/wp-content\/uploads\/2021\/06\/matthai-2-1536x1024.jpg 1536w, https:\/\/kl.finomar.com.pl\/wp-content\/uploads\/2021\/06\/matthai-2.jpg 2042w\" sizes=\"(max-width: 300px) 100vw, 300px\" \/><\/div><!-- Story Description --><div class=\"twae-description\"><p><span style=\"color: #ffffff\"><em><span lang=\"de-DE\"><br \/><br \/><br \/><br \/><br \/><br \/><br \/><br \/><br \/>Bau von Pontons und Baggerpontons.<\/span><\/em><\/span><\/p><\/div><\/div><\/div><!-- Start of Story Repeater Content --><div id=\"story-42a442d\" class=\"twae-story twae-repeater-item twae-story-left twae-story-no-icon\"><!-- Story Label --><div class=\"twae-labels\"><div class=\"twae-label-big\">2006<\/div><\/div><!-- Story Icon --><div class=\"twae-icon\"><i aria-hidden=\"true\" class=\"far fa-sun\"><\/i><\/div><!-- Story Arrow --><div class=\"twae-arrow\"><\/div><!-- Start of Story Content --><div class=\"twae-content\"><!-- Story Title --><div class=\"twae-title\">Entwicklung<\/div><!-- Story Image --><div class=\"twae-media medium\"><img loading=\"lazy\" decoding=\"async\" width=\"300\" height=\"200\" src=\"https:\/\/kl.finomar.com.pl\/wp-content\/uploads\/2021\/06\/widok-2-300x200.jpg\" class=\"attachment-medium size-medium\" alt=\"\" srcset=\"https:\/\/kl.finomar.com.pl\/wp-content\/uploads\/2021\/06\/widok-2-300x200.jpg 300w, https:\/\/kl.finomar.com.pl\/wp-content\/uploads\/2021\/06\/widok-2-1024x683.jpg 1024w, https:\/\/kl.finomar.com.pl\/wp-content\/uploads\/2021\/06\/widok-2-768x512.jpg 768w, https:\/\/kl.finomar.com.pl\/wp-content\/uploads\/2021\/06\/widok-2.jpg 1200w\" sizes=\"(max-width: 300px) 100vw, 300px\" \/><\/div><!-- Story Description --><div class=\"twae-description\"><p><span lang=\"de-DE\"><br \/><span style=\"color: #ffffff\"><em>Kauf des bebauten Grundst\u00fccks mit einer Fl\u00e4che von ca. 5 ha in der Stra\u00dfe \u0141ady 2 in Szczecin zusammen mit dem anliegenden Kai ARSENA\u0141 mit einer L\u00e4nge von 330 m. Investitionen und Modernisierung des Betriebs unter Mitfinanzierung aus EU-Fonds (z.B. moderne Plasma-Anlage Microstep zum Schneiden und Markieren von Stahlblechen).<\/em><\/span><\/span><\/p><\/div><\/div><\/div><!-- Start of Story Repeater Content --><div id=\"story-a514758\" class=\"twae-story twae-repeater-item twae-story-right twae-story-no-icon\"><!-- Story Label --><div class=\"twae-labels\"><div class=\"twae-label-big\">2003<\/div><\/div><!-- Story Icon --><div class=\"twae-icon\"><i aria-hidden=\"true\" class=\"far fa-sun\"><\/i><\/div><!-- Story Arrow --><div class=\"twae-arrow\"><\/div><!-- Start of Story Content --><div class=\"twae-content\"><!-- Story Title --><div class=\"twae-title\">St\u00e4ndige Zusammenarbeit<\/div><!-- Story Image --><div class=\"twae-media medium\"><img loading=\"lazy\" decoding=\"async\" width=\"300\" height=\"200\" src=\"https:\/\/kl.finomar.com.pl\/wp-content\/uploads\/2021\/06\/sekcje-4-300x200.jpg\" class=\"attachment-medium size-medium\" alt=\"\" srcset=\"https:\/\/kl.finomar.com.pl\/wp-content\/uploads\/2021\/06\/sekcje-4-300x200.jpg 300w, https:\/\/kl.finomar.com.pl\/wp-content\/uploads\/2021\/06\/sekcje-4-1024x681.jpg 1024w, https:\/\/kl.finomar.com.pl\/wp-content\/uploads\/2021\/06\/sekcje-4-768x511.jpg 768w, https:\/\/kl.finomar.com.pl\/wp-content\/uploads\/2021\/06\/sekcje-4.jpg 1200w\" sizes=\"(max-width: 300px) 100vw, 300px\" \/><\/div><!-- Story Description --><div class=\"twae-description\"><p><span lang=\"de-DE\"><br \/><span style=\"color: #ffffff\"><em><br \/><br \/>St\u00e4ndige Zusammenarbeit mit deutschen Werften bei der Fertigung von Schiffssektionen vor Ort (bei Finomar) und bei dem Zusammenbau der Schiffsr\u00fcmpfe durch FINOMAR-Mitarbeiter auf deutschen Werften.<\/em><\/span><\/span><\/p><\/div><\/div><\/div><!-- Start of Story Repeater Content --><div id=\"story-68852a1\" class=\"twae-story twae-repeater-item twae-story-left twae-story-no-icon\"><!-- Story Label --><div class=\"twae-labels\"><div class=\"twae-label-big\">2001<\/div><\/div><!-- Story Icon --><div class=\"twae-icon\"><i aria-hidden=\"true\" class=\"far fa-sun\"><\/i><\/div><!-- Story Arrow --><div class=\"twae-arrow\"><\/div><!-- Start of Story Content --><div class=\"twae-content\"><!-- Story Title --><div class=\"twae-title\">Fertigung<\/div><!-- Story Image --><div class=\"twae-media medium\"><img loading=\"lazy\" decoding=\"async\" width=\"300\" height=\"210\" src=\"https:\/\/kl.finomar.com.pl\/wp-content\/uploads\/2021\/06\/offshore-2-300x210.jpg\" class=\"attachment-medium size-medium\" alt=\"\" srcset=\"https:\/\/kl.finomar.com.pl\/wp-content\/uploads\/2021\/06\/offshore-2-300x210.jpg 300w, https:\/\/kl.finomar.com.pl\/wp-content\/uploads\/2021\/06\/offshore-2-768x537.jpg 768w, https:\/\/kl.finomar.com.pl\/wp-content\/uploads\/2021\/06\/offshore-2.jpg 800w\" sizes=\"(max-width: 300px) 100vw, 300px\" \/><\/div><!-- Story Description --><div class=\"twae-description\"><p><span lang=\"de-DE\"><br \/><span style=\"color: #ffffff\"><em><br \/><br \/><br \/>Seit 2001 \u2013 Erweiterung der Fertigung um Konstruktionen f\u00fcr Offshore- (Bauteile f\u00fcr Bohrinseln) sowie \u201eOil &amp; Gas\u201d-Industrie (Brenner, Anker, Tragwerke, Turbinenfundamente).<\/em><\/span><\/span><\/p><\/div><\/div><\/div><!-- Start of Story Repeater Content --><div id=\"story-454229d\" class=\"twae-story twae-repeater-item twae-story-right twae-story-no-icon\"><!-- Story Label --><div class=\"twae-labels\"><div class=\"twae-label-big\">1995<\/div><\/div><!-- Story Icon --><div class=\"twae-icon\"><i aria-hidden=\"true\" class=\"far fa-sun\"><\/i><\/div><!-- Story Arrow --><div class=\"twae-arrow\"><\/div><!-- Start of Story Content --><div class=\"twae-content\"><!-- Story Title --><div class=\"twae-title\">Zusammenarbeit<\/div><!-- Story Image --><div class=\"twae-media medium\"><img loading=\"lazy\" decoding=\"async\" width=\"300\" height=\"200\" src=\"https:\/\/kl.finomar.com.pl\/wp-content\/uploads\/2021\/06\/skid-2-300x200.jpg\" class=\"attachment-medium size-medium\" alt=\"\" srcset=\"https:\/\/kl.finomar.com.pl\/wp-content\/uploads\/2021\/06\/skid-2-300x200.jpg 300w, https:\/\/kl.finomar.com.pl\/wp-content\/uploads\/2021\/06\/skid-2-768x511.jpg 768w, https:\/\/kl.finomar.com.pl\/wp-content\/uploads\/2021\/06\/skid-2.jpg 800w\" sizes=\"(max-width: 300px) 100vw, 300px\" \/><\/div><!-- Story Description --><div class=\"twae-description\"><p><span lang=\"de-DE\"><br \/><span style=\"color: #ffffff\"><em><br \/><br \/><br \/><br \/>Seit 1995 \u2013 Wendung in Richtung der Zusammenarbeit mit deutschen und norwegischen Werften sowie Dienstleistungen f\u00fcr Energie-Industrie.<\/em><\/span><\/span><\/p><\/div><\/div><\/div><!-- Start of Story Repeater Content --><div id=\"story-91c3f81\" class=\"twae-story twae-repeater-item twae-story-left twae-story-no-icon\"><!-- Story Label --><div class=\"twae-labels\"><div class=\"twae-label-big\">1994<\/div><\/div><!-- Story Icon --><div class=\"twae-icon\"><i aria-hidden=\"true\" class=\"far fa-sun\"><\/i><\/div><!-- Story Arrow --><div class=\"twae-arrow\"><\/div><!-- Start of Story Content --><div class=\"twae-content\"><!-- Story Title --><div class=\"twae-title\">Fertigung f\u00fcr Stocznia Szczeci\u0144ska S.A.<\/div><!-- Story Image --><div class=\"twae-media medium\"><img loading=\"lazy\" decoding=\"async\" width=\"300\" height=\"201\" src=\"https:\/\/kl.finomar.com.pl\/wp-content\/uploads\/2021\/06\/sekcja-2-300x201.jpg\" class=\"attachment-medium size-medium\" alt=\"\" srcset=\"https:\/\/kl.finomar.com.pl\/wp-content\/uploads\/2021\/06\/sekcja-2-300x201.jpg 300w, https:\/\/kl.finomar.com.pl\/wp-content\/uploads\/2021\/06\/sekcja-2-768x515.jpg 768w, https:\/\/kl.finomar.com.pl\/wp-content\/uploads\/2021\/06\/sekcja-2.jpg 800w\" sizes=\"(max-width: 300px) 100vw, 300px\" \/><\/div><!-- Story Description --><div class=\"twae-description\"><p><span lang=\"de-DE\"><br \/><span style=\"color: #ffffff\"><em><br \/><br \/><br \/><br \/>Fertigung von Vorschiffssektionen, Doppelb\u00f6den, Seitensektionen, Schornsteinen, Lukens\u00fcllen und Masten f\u00fcr Stocznia Szczeci\u0144ska S.A.<\/em><\/span><\/span><\/p><\/div><\/div><\/div><!-- Start of Story Repeater Content --><div id=\"story-cbff9b8\" class=\"twae-story twae-repeater-item twae-story-right twae-story-no-icon\"><!-- Story Label --><div class=\"twae-labels\"><div class=\"twae-label-big\">1994<\/div><\/div><!-- Story Icon --><div class=\"twae-icon\"><i aria-hidden=\"true\" class=\"far fa-sun\"><\/i><\/div><!-- Story Arrow --><div class=\"twae-arrow\"><\/div><!-- Start of Story Content --><div class=\"twae-content\"><!-- Story Title --><div class=\"twae-title\">Gr\u00fcndung von Finomar<\/div><!-- Story Image --><div class=\"twae-media medium\"><img loading=\"lazy\" decoding=\"async\" width=\"300\" height=\"200\" src=\"https:\/\/kl.finomar.com.pl\/wp-content\/uploads\/2021\/06\/poczatek-2-300x200.jpg\" class=\"attachment-medium size-medium\" alt=\"\" srcset=\"https:\/\/kl.finomar.com.pl\/wp-content\/uploads\/2021\/06\/poczatek-2-300x200.jpg 300w, https:\/\/kl.finomar.com.pl\/wp-content\/uploads\/2021\/06\/poczatek-2-768x512.jpg 768w, https:\/\/kl.finomar.com.pl\/wp-content\/uploads\/2021\/06\/poczatek-2.jpg 800w\" sizes=\"(max-width: 300px) 100vw, 300px\" \/><\/div><!-- Story Description --><div class=\"twae-description\"><p><span lang=\"de-DE\">\u00a0<\/span><\/p><p><span style=\"color: #ffffff\"><em>\u00a0\u00a0\u00a0\u00a0\u00a0\u00a0 2. August 1994 <\/em><\/span><br \/><span style=\"color: #ffffff\"><em>\u00a0\u00a0 \u2013\u00a0 G<\/em><\/span><span style=\"color: #ffffff\"><em>r\u00fcndung der <\/em><\/span><span style=\"color: #ffffff\"><em>Fa.<br \/><\/em><\/span><br \/><strong><span style=\"color: #3366ff\">\u00a0\u00a0\u00a0 FINOMAR sp. z o.o.<\/span><\/strong><br \/><span style=\"color: #ffffff\"><em>mit Sitz in Szczecin, ul. \u0141ady 2.<\/em><\/span><\/p><\/div><\/div><\/div><\/div>\n    <div class=\"twae-end\"><\/div>\n    <\/div><style type=\"text\/css\">.elementor-3619 .elementor-element.elementor-element-22bd575 .twae-wrapper.twae-vertical .twae-story{margin-bottom:60px!important}.elementor-3619 .elementor-element.elementor-element-22bd575 .twae-wrapper{--tw-cbx-title-color:#676768;}.elementor-3619 .elementor-element.elementor-element-22bd575 .twae-wrapper{--tw-lbl-big-color:#AAAAAD;}.elementor-3619 .elementor-element.elementor-element-22bd575 .twae-wrapper{--tw-cbx-des-color:#C6C6C8;}.elementor-3619 .elementor-element.elementor-element-22bd575 .twae-wrapper{--tw-ibx-bg:#8AD5F7;}.elementor-3619 .elementor-element.elementor-element-22bd575 .twae-wrapper{--tw-cbx-bg:#B5B7B9}.elementor-3619 .elementor-element.elementor-element-22bd575 .twae-wrapper{--tw-line-bg:#AAA9A9}.elementor-3619 .elementor-element.elementor-element-22bd575 .twae-title{}.elementor-3619 .elementor-element.elementor-element-22bd575 .twae-label-big{font-size:99px;font-weight:700;text-decoration:underline;line-height:3.8em;}.elementor-3619 .elementor-element.elementor-element-22bd575 .twae-wrapper{--tw-lbl-big-size:99px}@media (max-width: 1024px){ .twae-wrapper{--tw-ybx-size: 80px !important;}}@media (max-width: 767px){ .twae-wrapper{--tw-ybx-size: 80px !important}}<\/style>\t\t\t\t<\/div>\n\t\t\t\t<\/div>\n\t\t\t\t\t<\/div>\n\t\t<\/div>\n\t\t\t\t\t<\/div>\n\t\t<\/section>\n\t\t\t\t<\/div>\n\t\t","protected":false},"excerpt":{"rendered":"<p>2020 Ponton FINOMAR 1 Bau des betriebseigenen versenkbaren Pontons (Schwimmende Ponton-Slipanlage) mit den Abmessungen 48,00 m x 18,00 m x 4,30 m zum Zuwasserlassen von Schiffsr\u00fcmpfen sowie zum Transport von Schiffsbl\u00f6cken und -sektionen. Projekt wurde mitfinanziert aus EU-Fonds. 2019 Neue Maschinen Kauf der Plasmaschneidanlage ECKERT ONYX zum Schneiden und Markieren und Anfasen von Stahlblechen, mitContinue reading &rarr;<\/p>\n","protected":false},"author":1,"featured_media":0,"parent":2860,"menu_order":0,"comment_status":"closed","ping_status":"closed","template":"","meta":{"footnotes":""},"class_list":["post-3619","page","type-page","status-publish","hentry","no-thumb"],"_links":{"self":[{"href":"https:\/\/kl.finomar.com.pl\/index.php?rest_route=\/wp\/v2\/pages\/3619","targetHints":{"allow":["GET"]}}],"collection":[{"href":"https:\/\/kl.finomar.com.pl\/index.php?rest_route=\/wp\/v2\/pages"}],"about":[{"href":"https:\/\/kl.finomar.com.pl\/index.php?rest_route=\/wp\/v2\/types\/page"}],"author":[{"embeddable":true,"href":"https:\/\/kl.finomar.com.pl\/index.php?rest_route=\/wp\/v2\/users\/1"}],"replies":[{"embeddable":true,"href":"https:\/\/kl.finomar.com.pl\/index.php?rest_route=%2Fwp%2Fv2%2Fcomments&post=3619"}],"version-history":[{"count":146,"href":"https:\/\/kl.finomar.com.pl\/index.php?rest_route=\/wp\/v2\/pages\/3619\/revisions"}],"predecessor-version":[{"id":4276,"href":"https:\/\/kl.finomar.com.pl\/index.php?rest_route=\/wp\/v2\/pages\/3619\/revisions\/4276"}],"up":[{"embeddable":true,"href":"https:\/\/kl.finomar.com.pl\/index.php?rest_route=\/wp\/v2\/pages\/2860"}],"wp:attachment":[{"href":"https:\/\/kl.finomar.com.pl\/index.php?rest_route=%2Fwp%2Fv2%2Fmedia&parent=3619"}],"curies":[{"name":"wp","href":"https:\/\/api.w.org\/{rel}","templated":true}]}}