{"id":949,"date":"2021-03-28T18:19:17","date_gmt":"2021-03-28T16:19:17","guid":{"rendered":"https:\/\/kl.finomar.com.pl\/?page_id=949"},"modified":"2022-02-22T12:21:52","modified_gmt":"2022-02-22T11:21:52","slug":"oferta2","status":"publish","type":"page","link":"https:\/\/kl.finomar.com.pl\/?page_id=949","title":{"rendered":"Oferta"},"content":{"rendered":"\t\t<div data-elementor-type=\"wp-page\" data-elementor-id=\"949\" class=\"elementor elementor-949\">\n\t\t\t\t\t\t<section class=\"elementor-section elementor-top-section elementor-element elementor-element-5d0d147 elementor-section-boxed elementor-section-height-default elementor-section-height-default\" data-id=\"5d0d147\" data-element_type=\"section\" data-e-type=\"section\" data-settings=\"{&quot;background_background&quot;:&quot;classic&quot;}\">\n\t\t\t\t\t\t\t<div class=\"elementor-background-overlay\"><\/div>\n\t\t\t\t\t\t\t<div class=\"elementor-container elementor-column-gap-default\">\n\t\t\t\t\t<div class=\"elementor-column elementor-col-100 elementor-top-column elementor-element elementor-element-f6e2b3b\" data-id=\"f6e2b3b\" data-element_type=\"column\" data-e-type=\"column\">\n\t\t\t<div class=\"elementor-widget-wrap elementor-element-populated\">\n\t\t\t\t\t\t<div class=\"elementor-element elementor-element-ef30570 elementor-widget elementor-widget-heading\" data-id=\"ef30570\" data-element_type=\"widget\" data-e-type=\"widget\" data-widget_type=\"heading.default\">\n\t\t\t\t<div class=\"elementor-widget-container\">\n\t\t\t\t\t<h1 class=\"elementor-heading-title elementor-size-xl\">Oferta\n\n<\/h1>\t\t\t\t<\/div>\n\t\t\t\t<\/div>\n\t\t\t\t<section class=\"elementor-section elementor-inner-section elementor-element elementor-element-452b3bb elementor-section-boxed elementor-section-height-default elementor-section-height-default\" data-id=\"452b3bb\" data-element_type=\"section\" data-e-type=\"section\" data-settings=\"{&quot;background_background&quot;:&quot;gradient&quot;}\">\n\t\t\t\t\t\t\t<div class=\"elementor-background-overlay\"><\/div>\n\t\t\t\t\t\t\t<div class=\"elementor-container elementor-column-gap-default\">\n\t\t\t\t\t<div class=\"elementor-column elementor-col-100 elementor-inner-column elementor-element elementor-element-fc3188e\" data-id=\"fc3188e\" data-element_type=\"column\" data-e-type=\"column\" data-settings=\"{&quot;background_background&quot;:&quot;classic&quot;}\">\n\t\t\t<div class=\"elementor-widget-wrap elementor-element-populated\">\n\t\t\t\t\t\t<div class=\"elementor-element elementor-element-aa86202 elementor-widget elementor-widget-text-editor\" data-id=\"aa86202\" data-element_type=\"widget\" data-e-type=\"widget\" data-widget_type=\"text-editor.default\">\n\t\t\t\t<div class=\"elementor-widget-container\">\n\t\t\t\t\t\t\t\t\t<p><\/p>\n<p style=\"text-align: left;\"><strong>\u00a0\u00a0\u00a0\u00a0\u00a0\u00a0\u00a0\u00a0\u00a0 <\/strong><\/p>\n<p><strong>\u00a0 \u00a0\u00a0 \u00a0 \u00a0 \u00a0\u00a0 <span style=\"color: #3366ff;\"><span style=\"text-decoration: underline;\">Dost\u0119p do nabrze\u017ca <\/span><\/span><\/strong><br \/>\u00a0 \u00a0 \u00a0 \u00a0 \u00a0 \u00a0\u00a0 &#8211;\u00a0 pozwala na wykonywanie konstrukcji o masie do 800-1000 ton i ich transport drog\u0105 wodn\u0105 do klienta zagranicznego, w szczeg\u00f3lno\u015bci<br \/>\u00a0\u00a0\u00a0\u00a0\u00a0\u00a0\u00a0\u00a0\u00a0\u00a0\u00a0 \u00a0 \u00a0\u00a0 do Niemiec, Skandynawii, Niderland\u00f3w i Wielkiej Brytanii, a tak\u017ce polskich odbiorc\u00f3w na terenie Szczecina, Polic, \u015awinouj\u015bcia oraz<br \/>\u00a0\u00a0\u00a0\u00a0\u00a0\u00a0\u00a0\u00a0\u00a0\u00a0\u00a0 \u00a0 \u00a0\u00a0 Gda\u0144ska i Gdyni.<\/p>\n<p style=\"text-align: left;\"><strong>\u00a0\u00a0\u00a0\u00a0\u00a0\u00a0\u00a0\u00a0\u00a0 \u00a0 <span style=\"text-decoration: underline;\"><span style=\"color: #3366ff; text-decoration: underline;\">W zakresie budownictwa okr\u0119towego Finomar oferuje:<\/span><\/span><\/strong><br \/>\u00a0\u00a0\u00a0\u00a0\u00a0\u00a0\u00a0 \u00a0 \u00a0\u00a0 &#8211;\u00a0 Kad\u0142uby statk\u00f3w, statk\u00f3w rybackich, serwisowych, wielozadaniowych, prom\u00f3w, jacht\u00f3w, zbiornikowc\u00f3w, barek, lodo\u0142amaczy i innych<br \/>\u00a0\u00a0\u00a0\u00a0\u00a0\u00a0\u00a0\u00a0\u00a0\u00a0\u00a0 \u00a0 \u00a0\u00a0 jednostek p\u0142ywaj\u0105cych do d\u0142ugo\u015bci 55 mb.<br \/>\u00a0\u00a0\u00a0\u00a0\u00a0\u00a0\u00a0\u00a0\u00a0 \u00a0\u00a0 &#8211;\u00a0 Kompletne ma\u0142e jednostki p\u0142ywaj\u0105ce.<br \/>\u00a0\u00a0\u00a0\u00a0\u00a0\u00a0\u00a0\u00a0\u00a0\u00a0\u00a0\u00a0 &#8211;\u00a0 Bloki i sekcje okr\u0119towe (dziobowe, rufowe burtowe, dna podw\u00f3jne, \u015br\u00f3dokr\u0119cia, kominy, zr\u0119bnice lukowe, nadbud\u00f3wki, maszt\u00f3wki)<br \/>\u00a0\u00a0\u00a0\u00a0\u00a0\u00a0\u00a0\u00a0\u00a0\u00a0\u00a0 \u00a0 \u00a0\u00a0 o jednostkowej masie do 800 ton &#8211; wyposa\u017cone w zale\u017cno\u015bci od wymaga\u0144 odbiorc\u00f3w w podstawowe wyposa\u017cenie kad\u0142ubowe,<br \/>\u00a0\u00a0\u00a0\u00a0\u00a0\u00a0\u00a0\u00a0\u00a0\u00a0\u00a0\u00a0\u00a0\u00a0\u00a0\u00a0 ruroci\u0105gi i inne elementy wg. wymaga\u0144.<br \/>\u00a0\u00a0\u00a0\u00a0\u00a0\u00a0\u00a0\u00a0\u00a0 \u00a0\u00a0 &#8211;\u00a0 Bloki przed\u0142u\u017cenia statk\u00f3w.<br \/>\u00a0\u00a0\u00a0\u00a0\u00a0\u00a0\u00a0\u00a0\u00a0 \u00a0\u00a0 &#8211;\u00a0 Konstrukcje okr\u0119towe o mniejszych gabarytach i masie, takie jak fundamenty maszyn i urz\u0105dze\u0144, kolumny d\u017awig\u00f3w, maszty radarowe<br \/>\u00a0\u00a0\u00a0\u00a0\u00a0\u00a0\u00a0\u00a0\u00a0\u00a0\u00a0\u00a0\u00a0\u00a0\u00a0\u00a0 i inne, kt\u00f3re wykonywane s\u0105 r\u00f3wnie\u017c ze stali nierdzewnej i aluminium.<\/p>\n<p><strong>\u00a0\u00a0\u00a0\u00a0\u00a0\u00a0\u00a0\u00a0\u00a0\u00a0\u00a0 <span style=\"text-decoration: underline;\"><span style=\"color: #3366ff; text-decoration: underline;\">W zakresie produkcji offshore Finomar oferuje:<\/span><\/span><\/strong><br \/>\u00a0 \u00a0 \u00a0 \u00a0 \u00a0 \u00a0\u00a0 &#8211;\u00a0 Kotwice, konstrukcje wsporcze, fundamenty, rurowe konstrukcje no\u015bne dla sektora oil &amp; gas. \u00a0\u00a0\u00a0\u00a0\u00a0\u00a0\u00a0\u00a0 <br \/>\u00a0\u00a0\u00a0\u00a0\u00a0\u00a0\u00a0\u00a0\u00a0 \u00a0\u00a0 &#8211;\u00a0 Platformy zewn\u0119trzne dla farm wiatrowych.<br \/>\u00a0\u00a0\u00a0\u00a0\u00a0\u00a0\u00a0\u00a0\u00a0 \u00a0\u00a0 &#8211;\u00a0 Klatki anodowe dla farm wiatrowych.<br \/>\u00a0\u00a0\u00a0\u00a0\u00a0\u00a0\u00a0 \u00a0 \u00a0\u00a0 &#8211;\u00a0 Fundamenty wie\u017c elektrowni wiatrowych.<\/p>\n<p><strong>\u00a0\u00a0\u00a0\u00a0\u00a0\u00a0\u00a0\u00a0\u00a0\u00a0\u00a0 <span style=\"text-decoration: underline;\"><span style=\"color: #3366ff; text-decoration: underline;\">W zakresie produkcji dla sektora energetycznego Finomar oferuje:<\/span><\/span><\/strong><br \/>\u00a0\u00a0\u00a0\u00a0\u00a0\u00a0\u00a0\u00a0\u00a0\u00a0\u00a0\u00a0 &#8211;\u00a0 Diwertery &#8211; klapy rozdzielcze przeznaczone do turbin gazowych.<br \/>\u00a0\u00a0\u00a0\u00a0\u00a0\u00a0\u00a0\u00a0\u00a0\u00a0\u00a0\u00a0 &#8211;\u00a0 Klapy kominowe, \u017caluzje, kana\u0142y spalin, obudowy filtr\u00f3w przeznaczonych do system\u00f3w odsiarczania spalin.<\/p>\n<p>\u00a0 \u00a0 \u00a0 \u00a0 \u00a0 \u00a0\u00a0 <strong><span style=\"text-decoration: underline;\"><span style=\"color: #3366ff; text-decoration: underline;\">Us\u0142ugi ci\u0119cia blach:<\/span><\/span><\/strong> <br \/>\u00a0\u00a0\u00a0\u00a0\u00a0\u00a0\u00a0\u00a0\u00a0\u00a0\u00a0 \u00a0 \u00a0\u00a0 Dwie maszyny do ci\u0119cia, sterowane numerycznie, gazowa i plazmowa z mo\u017cliwo\u015bci\u0105 trasowania i opisywania element\u00f3w<br \/>\u00a0\u00a0\u00a0\u00a0\u00a0\u00a0\u00a0\u00a0\u00a0\u00a0\u00a0\u00a0\u00a0\u00a0\u00a0\u00a0 o parametrach:<br \/>\u00a0\u00a0\u00a0\u00a0\u00a0\u00a0\u00a0\u00a0\u00a0\u00a0\u00a0 \u00a0 &#8211; d\u0142ugo\u015b\u0107 standardowo do 12 m ( z mo\u017cliwo\u015bci\u0105 do 20 m)<br \/>\u00a0\u00a0\u00a0\u00a0\u00a0\u00a0\u00a0\u00a0\u00a0\u00a0\u00a0\u00a0\u00a0 &#8211; szeroko\u015b\u0107 blach do 3,1 m<br \/>\u00a0\u00a0\u00a0\u00a0\u00a0\u00a0\u00a0\u00a0\u00a0\u00a0\u00a0\u00a0\u00a0 &#8211; grubo\u015b\u0107 ci\u0119cia:<br \/>\u00a0\u00a0\u00a0\u00a0\u00a0\u00a0\u00a0\u00a0\u00a0\u00a0 \u00a0\u00a0 \u00a0\u00a0 stal czarna do 200 mm, stal nierdzewna do 25 mm, aluminium do 30 mm<br \/><br \/><span style=\"color: #3366ff;\"><strong>\u00a0\u00a0\u00a0\u00a0\u00a0\u00a0\u00a0\u00a0\u00a0\u00a0\u00a0\u00a0\u00a0\u00a0 <span style=\"text-decoration: underline;\">Us\u0142uga gi\u0119cia profili na prasie poziomej:<\/span><\/strong><\/span>\u00a0\u00a0\u00a0\u00a0\u00a0\u00a0\u00a0\u00a0\u00a0\u00a0\u00a0\u00a0\u00a0\u00a0 <br \/>\u00a0\u00a0\u00a0\u00a0\u00a0\u00a0\u00a0\u00a0\u00a0\u00a0\u00a0\u00a0\u00a0\u00a0 &#8211; profili HP od HP80-HP200x12<strong><br \/><\/strong>\u00a0 \u00a0 \u00a0 \u00a0 \u00a0 \u00a0 \u00a0\u00a0 &#8211; p\u0142askownik\u00f3w do grubo\u015bci 20 mm i szeroko\u015bci 300 mm<strong><br \/><\/strong>\u00a0\u00a0\u00a0\u00a0\u00a0\u00a0\u00a0\u00a0\u00a0\u00a0\u00a0\u00a0\u00a0\u00a0 &#8211; rury stalowe do \u015brednicy 3&#8243;<strong><br \/><br \/><span style=\"color: #3366ff;\">\u00a0\u00a0\u00a0\u00a0\u00a0\u00a0\u00a0\u00a0\u00a0\u00a0\u00a0\u00a0\u00a0\u00a0 <span style=\"text-decoration: underline;\">Us\u0142uga frezowania CNC szablon\u00f3w z materia\u0142\u00f3w:<\/span><\/span><br \/><\/strong>\u00a0\u00a0 \u00a0 \u00a0 \u00a0 \u00a0 \u00a0 \u00a0 &#8211; sklejka, p\u0142yta OSB, tworzywa sztuczne.<strong><br \/><\/strong>\u00a0\u00a0\u00a0\u00a0\u00a0\u00a0\u00a0\u00a0\u00a0\u00a0\u00a0\u00a0\u00a0\u00a0\u00a0 \u00a0 max. wymiar elementu obrabianego\u00a0 130 x 250 cm<strong><br \/><br \/><span style=\"color: #3366ff;\">\u00a0\u00a0\u00a0\u00a0\u00a0\u00a0\u00a0\u00a0\u00a0\u00a0\u00a0\u00a0\u00a0\u00a0 <span style=\"text-decoration: underline;\">Wynajem nabrze\u017ca do cel\u00f3w postojowo-remontowych:<\/span><\/span><span style=\"text-decoration: underline;\"><span style=\"color: #3366ff; text-decoration: underline;\"><br \/><\/span><\/span><\/strong>\u00a0 \u00a0 \u00a0 \u00a0 \u00a0 \u00a0 \u00a0 \u00a0 Parametry jednostek mo\u017cliwych do zacumowania :<br \/>\u00a0\u00a0\u00a0\u00a0\u00a0\u00a0\u00a0\u00a0\u00a0\u00a0\u00a0 \u00a0\u00a0 &#8211; max. d\u0142ugo\u015b\u0107: 200 m,<br \/>\u00a0\u00a0\u00a0\u00a0\u00a0\u00a0\u00a0\u00a0\u00a0\u00a0\u00a0 \u00a0\u00a0 &#8211; max. zanurzenie: 6 m.<\/p>\n<p><strong>\u00a0\u00a0\u00a0\u00a0\u00a0\u00a0\u00a0\u00a0\u00a0\u00a0\u00a0 \u00a0\u00a0 <span style=\"text-decoration: underline;\"><span style=\"color: #3366ff; text-decoration: underline;\">Parametry nabrze\u017ca:<\/span><\/span><\/strong>\u00a0\u00a0\u00a0\u00a0\u00a0\u00a0\u00a0\u00a0\u00a0\u00a0\u00a0\u00a0 <br \/>\u00a0\u00a0\u00a0\u00a0\u00a0\u00a0\u00a0\u00a0\u00a0\u00a0\u00a0\u00a0\u00a0\u00a0 &#8211; d\u0142ugo\u015b\u0107 330 m,<br \/>\u00a0\u00a0\u00a0\u00a0\u00a0\u00a0\u00a0\u00a0\u00a0\u00a0\u00a0 \u00a0\u00a0 &#8211; uzbrojone i ud\u017awigowione,<br \/>\u00a0\u00a0\u00a0\u00a0\u00a0\u00a0\u00a0\u00a0\u00a0\u00a0 \u00a0 \u00a0 &#8211; trzy d\u017awigi nabrze\u017cowe o ud\u017awigu 20 t ka\u017cdy (istnieje mo\u017cliwo\u015b\u0107 wsp\u00f3\u0142pracy 2 \u017curawi).<\/p>\n<h4><strong>\u00a0\u00a0\u00a0\u00a0\u00a0\u00a0\u00a0\u00a0\u00a0 \u00a0\u00a0 <span style=\"text-decoration: underline;\"><span style=\"color: #3366ff; text-decoration: underline;\">Ponton \u00a0 FINOMAR 1\u00a0 (p\u0142ywaj\u0105ca pochylnia pontonowa)<\/span><\/span><br \/><\/strong><\/h4>\n<p>\u00a0\u00a0\u00a0 \u00a0 \u00a0 \u00a0 \u00a0 \u00a0\u00a0 \u2013 Dostawa konstrukcji wykonywanych przez FINOMAR Sp. z o.o. na pontonie \u201eFinomar 1\u201d. \u00a0 <br data-rich-text-line-break=\"true\" \/>\u00a0\u00a0 \u00a0 \u00a0 \u00a0 \u00a0 \u00a0 \u00a0 \u2013 Wynajem pontonu \u201eFinomar 1\u201d podmiotom bran\u017cy stoczniowej do realizacji zam\u00f3wie\u0144 w bran\u017cy przemys\u0142u stoczniowego.<br \/>\u00a0\u00a0\u00a0\u00a0\u00a0\u00a0\u00a0\u00a0\u00a0\u00a0\u00a0\u00a0\u00a0\u00a0\u00a0\u00a0 (z zastrze\u017ceniem zgodno\u015bci z celami RPO WZ Dzia\u0142anie 1.5,\u00a0 numer konkursu: RPZP.01.05.00-IZ.00-32-004\/18 z dnia 29.06.2018).<\/p>\n<p>\u00a0<\/p>\n<p><\/p>\t\t\t\t\t\t\t\t<\/div>\n\t\t\t\t<\/div>\n\t\t\t\t\t<\/div>\n\t\t<\/div>\n\t\t\t\t\t<\/div>\n\t\t<\/section>\n\t\t\t\t\t<\/div>\n\t\t<\/div>\n\t\t\t\t\t<\/div>\n\t\t<\/section>\n\t\t\t\t<\/div>\n\t\t","protected":false},"excerpt":{"rendered":"<p>Oferta<\/p>\n","protected":false},"author":1,"featured_media":0,"parent":0,"menu_order":0,"comment_status":"closed","ping_status":"closed","template":"","meta":{"footnotes":""},"class_list":["post-949","page","type-page","status-publish","hentry","no-thumb"],"_links":{"self":[{"href":"https:\/\/kl.finomar.com.pl\/index.php?rest_route=\/wp\/v2\/pages\/949","targetHints":{"allow":["GET"]}}],"collection":[{"href":"https:\/\/kl.finomar.com.pl\/index.php?rest_route=\/wp\/v2\/pages"}],"about":[{"href":"https:\/\/kl.finomar.com.pl\/index.php?rest_route=\/wp\/v2\/types\/page"}],"author":[{"embeddable":true,"href":"https:\/\/kl.finomar.com.pl\/index.php?rest_route=\/wp\/v2\/users\/1"}],"replies":[{"embeddable":true,"href":"https:\/\/kl.finomar.com.pl\/index.php?rest_route=%2Fwp%2Fv2%2Fcomments&post=949"}],"version-history":[{"count":146,"href":"https:\/\/kl.finomar.com.pl\/index.php?rest_route=\/wp\/v2\/pages\/949\/revisions"}],"predecessor-version":[{"id":4554,"href":"https:\/\/kl.finomar.com.pl\/index.php?rest_route=\/wp\/v2\/pages\/949\/revisions\/4554"}],"wp:attachment":[{"href":"https:\/\/kl.finomar.com.pl\/index.php?rest_route=%2Fwp%2Fv2%2Fmedia&parent=949"}],"curies":[{"name":"wp","href":"https:\/\/api.w.org\/{rel}","templated":true}]}}